
{"id":112475,"date":"2024-10-08T14:17:45","date_gmt":"2024-10-08T14:17:45","guid":{"rendered":"https:\/\/www.emporio.si\/product\/reflective-gym-bag\/"},"modified":"2025-11-10T13:17:43","modified_gmt":"2025-11-10T13:17:43","slug":"odsevna-telovadna-torba","status":"publish","type":"product","link":"https:\/\/www.emporio.si\/si\/p\/odsevna-telovadna-torba\/","title":{"rendered":"Odsevna telovadna torba"},"content":{"rendered":"<p>Telovadna torba iz poliestra 190T. Zaradi odsevnega materiala je \u0161e posebej primerna za kolesarje, teka\u010de itd. Va\u0161 logotip natisnemo na eni strani.<\/p>","protected":false},"excerpt":{"rendered":"<p>Telovadna torba iz poliestra 190T. Zaradi odsevnega materiala je \u0161e posebej primerna za kolesarje, teka\u010de itd. Va\u0161 logotip natisnemo na eni strani.<\/p>","protected":false},"featured_media":112472,"template":"","meta":{"_acf_changed":false,"inline_featured_image":false,"_bst_post_transparent":"","_bst_post_title":"","_bst_post_layout":"","_bst_post_sidebar_id":"","_bst_post_content_style":"","_bst_post_vertical_padding":"","_bst_post_feature":"","_bst_post_feature_position":"","_bst_post_header":false,"_bst_post_footer":false},"product_brand":[],"product_cat":[2520,2504,2517,2532],"product_tag":[],"class_list":{"0":"post-112475","1":"product","2":"type-product","3":"status-publish","4":"has-post-thumbnail","6":"product_cat-bicycle-accessories","7":"product_cat-gym-bags","8":"product_cat-security-accessories","9":"product_cat-sports-and-fitness-accessories","11":"first","12":"outofstock","13":"taxable","14":"shipping-taxable","15":"purchasable","16":"product-type-variable","17":"entry","18":"content-bg","19":"loop-entry"},"acf":[],"_links":{"self":[{"href":"https:\/\/www.emporio.si\/si\/wp-json\/wp\/v2\/product\/112475","targetHints":{"allow":["GET"]}}],"collection":[{"href":"https:\/\/www.emporio.si\/si\/wp-json\/wp\/v2\/product"}],"about":[{"href":"https:\/\/www.emporio.si\/si\/wp-json\/wp\/v2\/types\/product"}],"wp:featuredmedia":[{"embeddable":true,"href":"https:\/\/www.emporio.si\/si\/wp-json\/wp\/v2\/media\/112472"}],"wp:attachment":[{"href":"https:\/\/www.emporio.si\/si\/wp-json\/wp\/v2\/media?parent=112475"}],"wp:term":[{"taxonomy":"product_brand","embeddable":true,"href":"https:\/\/www.emporio.si\/si\/wp-json\/wp\/v2\/product_brand?post=112475"},{"taxonomy":"product_cat","embeddable":true,"href":"https:\/\/www.emporio.si\/si\/wp-json\/wp\/v2\/product_cat?post=112475"},{"taxonomy":"product_tag","embeddable":true,"href":"https:\/\/www.emporio.si\/si\/wp-json\/wp\/v2\/product_tag?post=112475"}],"curies":[{"name":"wp","href":"https:\/\/api.w.org\/{rel}","templated":true}]}}