
{"id":112530,"date":"2024-10-08T14:17:58","date_gmt":"2024-10-08T14:17:58","guid":{"rendered":"https:\/\/www.emporio.si\/product\/crisma-hiking-rucksack\/"},"modified":"2025-11-10T13:17:45","modified_gmt":"2025-11-10T13:17:45","slug":"pohodniski-nahrbtnik-crisma","status":"publish","type":"product","link":"https:\/\/www.emporio.si\/si\/p\/pohodniski-nahrbtnik-crisma\/","title":{"rendered":"Pohodni\u0161ki nahrbtnik CrisMa"},"content":{"rendered":"<p>Velik pohodni\u0161ki nahrbtnik iz poliestra z oblazinjenimi naramnicami in ergonomsko oblikovanim hrbtnim delom, predalom za prenosni ra\u010dunalnik, velikim predalom spredaj in majhnim predalom na zadrgo v poklopcu. Dodatni trakovi za zapenjanje zagotavljajo optimalno oporo. Prostornina: 25 litrov. Na zavihku bomo natisnili va\u0161 logotip.<\/p>","protected":false},"excerpt":{"rendered":"<p>Velik pohodni\u0161ki nahrbtnik iz poliestra z oblazinjenimi naramnicami in ergonomsko oblikovanim hrbtnim delom, predalom za prenosni ra\u010dunalnik, velikim predalom spredaj in majhnim predalom na zadrgo v poklopcu. Dodatni trakovi za zapenjanje zagotavljajo optimalno oporo. Prostornina: 25 litrov. Na zavihku bomo natisnili va\u0161 logotip.<\/p>","protected":false},"featured_media":112522,"template":"","meta":{"_acf_changed":false,"inline_featured_image":false,"_bst_post_transparent":"","_bst_post_title":"","_bst_post_layout":"","_bst_post_sidebar_id":"","_bst_post_content_style":"","_bst_post_vertical_padding":"","_bst_post_feature":"","_bst_post_feature_position":"","_bst_post_header":false,"_bst_post_footer":false},"product_brand":[],"product_cat":[2495,2501],"product_tag":[],"class_list":{"0":"post-112530","1":"product","2":"type-product","3":"status-publish","4":"has-post-thumbnail","6":"product_cat-backpacks-and-shoulder-bags","7":"product_cat-document-bags-laptop-bags","9":"first","10":"instock","11":"taxable","12":"shipping-taxable","13":"purchasable","14":"product-type-variable","15":"entry","16":"content-bg","17":"loop-entry"},"acf":[],"_links":{"self":[{"href":"https:\/\/www.emporio.si\/si\/wp-json\/wp\/v2\/product\/112530","targetHints":{"allow":["GET"]}}],"collection":[{"href":"https:\/\/www.emporio.si\/si\/wp-json\/wp\/v2\/product"}],"about":[{"href":"https:\/\/www.emporio.si\/si\/wp-json\/wp\/v2\/types\/product"}],"wp:featuredmedia":[{"embeddable":true,"href":"https:\/\/www.emporio.si\/si\/wp-json\/wp\/v2\/media\/112522"}],"wp:attachment":[{"href":"https:\/\/www.emporio.si\/si\/wp-json\/wp\/v2\/media?parent=112530"}],"wp:term":[{"taxonomy":"product_brand","embeddable":true,"href":"https:\/\/www.emporio.si\/si\/wp-json\/wp\/v2\/product_brand?post=112530"},{"taxonomy":"product_cat","embeddable":true,"href":"https:\/\/www.emporio.si\/si\/wp-json\/wp\/v2\/product_cat?post=112530"},{"taxonomy":"product_tag","embeddable":true,"href":"https:\/\/www.emporio.si\/si\/wp-json\/wp\/v2\/product_tag?post=112530"}],"curies":[{"name":"wp","href":"https:\/\/api.w.org\/{rel}","templated":true}]}}