
{"id":112940,"date":"2024-10-08T14:19:28","date_gmt":"2024-10-08T14:19:28","guid":{"rendered":"https:\/\/www.emporio.si\/product\/plastic-rollerball-pen-with-ink\/"},"modified":"2025-11-10T13:17:48","modified_gmt":"2025-11-10T13:17:48","slug":"plasticno-pisalo-z-rolerjem-in-crnilom","status":"publish","type":"product","link":"https:\/\/www.emporio.si\/si\/p\/plasticno-pisalo-z-rolerjem-in-crnilom\/","title":{"rendered":"Plasti\u010dno pisalo z rolerjem in \u010drnilom"},"content":{"rendered":"<p>Plasti\u010dno pisalo z rolerjem z zaklepnim pokrov\u010dkom, plasti\u010dno sponko in veliko kartu\u0161o z modrim \u010drnilom. Va\u0161 logotip je natisnjen na desni strani sponke.<\/p>","protected":false},"excerpt":{"rendered":"<p>Plasti\u010dno pisalo z rolerjem z zaklepnim pokrov\u010dkom, plasti\u010dno sponko in veliko kartu\u0161o z modrim \u010drnilom. Va\u0161 logotip je natisnjen na desni strani sponke.<\/p>","protected":false},"featured_media":112920,"template":"","meta":{"_acf_changed":false,"inline_featured_image":false,"_bst_post_transparent":"","_bst_post_title":"","_bst_post_layout":"","_bst_post_sidebar_id":"","_bst_post_content_style":"","_bst_post_vertical_padding":"","_bst_post_feature":"","_bst_post_feature_position":"","_bst_post_header":false,"_bst_post_footer":false},"product_brand":[],"product_cat":[2478],"product_tag":[],"class_list":{"0":"post-112940","1":"product","2":"type-product","3":"status-publish","4":"has-post-thumbnail","6":"product_cat-plastic-pens","8":"first","9":"instock","10":"taxable","11":"shipping-taxable","12":"purchasable","13":"product-type-variable","14":"entry","15":"content-bg","16":"loop-entry"},"acf":[],"_links":{"self":[{"href":"https:\/\/www.emporio.si\/si\/wp-json\/wp\/v2\/product\/112940","targetHints":{"allow":["GET"]}}],"collection":[{"href":"https:\/\/www.emporio.si\/si\/wp-json\/wp\/v2\/product"}],"about":[{"href":"https:\/\/www.emporio.si\/si\/wp-json\/wp\/v2\/types\/product"}],"wp:featuredmedia":[{"embeddable":true,"href":"https:\/\/www.emporio.si\/si\/wp-json\/wp\/v2\/media\/112920"}],"wp:attachment":[{"href":"https:\/\/www.emporio.si\/si\/wp-json\/wp\/v2\/media?parent=112940"}],"wp:term":[{"taxonomy":"product_brand","embeddable":true,"href":"https:\/\/www.emporio.si\/si\/wp-json\/wp\/v2\/product_brand?post=112940"},{"taxonomy":"product_cat","embeddable":true,"href":"https:\/\/www.emporio.si\/si\/wp-json\/wp\/v2\/product_cat?post=112940"},{"taxonomy":"product_tag","embeddable":true,"href":"https:\/\/www.emporio.si\/si\/wp-json\/wp\/v2\/product_tag?post=112940"}],"curies":[{"name":"wp","href":"https:\/\/api.w.org\/{rel}","templated":true}]}}