
{"id":113140,"date":"2024-10-08T14:20:10","date_gmt":"2024-10-08T14:20:10","guid":{"rendered":"https:\/\/www.emporio.si\/product\/usb-hub-made-from-recycled-aluminium\/"},"modified":"2025-11-10T13:17:50","modified_gmt":"2025-11-10T13:17:50","slug":"vozlisce-usb-iz-recikliranega-aluminija","status":"publish","type":"product","link":"https:\/\/www.emporio.si\/si\/p\/vozlisce-usb-iz-recikliranega-aluminija\/","title":{"rendered":"Vozli\u0161\u010de USB iz recikliranega aluminija"},"content":{"rendered":"<p>Vozli\u0161\u010de USB iz recikliranega aluminija z enim priklju\u010dkom USB-C in 3 priklju\u010dki USB. Va\u0161 logotip bo graviran na eni strani.<\/p>","protected":false},"excerpt":{"rendered":"<p>Vozli\u0161\u010de USB iz recikliranega aluminija z enim priklju\u010dkom USB-C in 3 priklju\u010dki USB. Va\u0161 logotip bo graviran na eni strani.<\/p>","protected":false},"featured_media":113134,"template":"","meta":{"_acf_changed":false,"inline_featured_image":false,"_bst_post_transparent":"","_bst_post_title":"","_bst_post_layout":"","_bst_post_sidebar_id":"","_bst_post_content_style":"","_bst_post_vertical_padding":"","_bst_post_feature":"","_bst_post_feature_position":"","_bst_post_header":false,"_bst_post_footer":false},"product_brand":[],"product_cat":[2484],"product_tag":[],"class_list":{"0":"post-113140","1":"product","2":"type-product","3":"status-publish","4":"has-post-thumbnail","6":"product_cat-mobile-accessories","8":"first","9":"instock","10":"taxable","11":"shipping-taxable","12":"purchasable","13":"product-type-variable","14":"entry","15":"content-bg","16":"loop-entry"},"acf":[],"_links":{"self":[{"href":"https:\/\/www.emporio.si\/si\/wp-json\/wp\/v2\/product\/113140","targetHints":{"allow":["GET"]}}],"collection":[{"href":"https:\/\/www.emporio.si\/si\/wp-json\/wp\/v2\/product"}],"about":[{"href":"https:\/\/www.emporio.si\/si\/wp-json\/wp\/v2\/types\/product"}],"wp:featuredmedia":[{"embeddable":true,"href":"https:\/\/www.emporio.si\/si\/wp-json\/wp\/v2\/media\/113134"}],"wp:attachment":[{"href":"https:\/\/www.emporio.si\/si\/wp-json\/wp\/v2\/media?parent=113140"}],"wp:term":[{"taxonomy":"product_brand","embeddable":true,"href":"https:\/\/www.emporio.si\/si\/wp-json\/wp\/v2\/product_brand?post=113140"},{"taxonomy":"product_cat","embeddable":true,"href":"https:\/\/www.emporio.si\/si\/wp-json\/wp\/v2\/product_cat?post=113140"},{"taxonomy":"product_tag","embeddable":true,"href":"https:\/\/www.emporio.si\/si\/wp-json\/wp\/v2\/product_tag?post=113140"}],"curies":[{"name":"wp","href":"https:\/\/api.w.org\/{rel}","templated":true}]}}