
{"id":113317,"date":"2024-10-08T14:20:48","date_gmt":"2024-10-08T14:20:48","guid":{"rendered":"https:\/\/www.emporio.si\/product\/sunglasses-made-from-rpet\/"},"modified":"2025-11-10T13:17:51","modified_gmt":"2025-11-10T13:17:51","slug":"soncna-ocala-iz-rpeta","status":"publish","type":"product","link":"https:\/\/www.emporio.si\/si\/p\/soncna-ocala-iz-rpeta\/","title":{"rendered":"Son\u010dna o\u010dala iz RPET"},"content":{"rendered":"<p>Son\u010dna o\u010dala s prozornim okvirjem RPET in barvnimi le\u010dami. Filter kategorije 3 in UV400. Va\u0161 logotip natisnemo na enem temenu.<\/p>","protected":false},"excerpt":{"rendered":"<p>Son\u010dna o\u010dala s prozornim okvirjem RPET in barvnimi le\u010dami. Filter kategorije 3 in UV400. Va\u0161 logotip natisnemo na enem temenu.<\/p>","protected":false},"featured_media":113309,"template":"","meta":{"_acf_changed":false,"inline_featured_image":false,"_bst_post_transparent":"","_bst_post_title":"","_bst_post_layout":"","_bst_post_sidebar_id":"","_bst_post_content_style":"","_bst_post_vertical_padding":"","_bst_post_feature":"","_bst_post_feature_position":"","_bst_post_header":false,"_bst_post_footer":false},"product_brand":[],"product_cat":[2491,2492],"product_tag":[],"class_list":{"0":"post-113317","1":"product","2":"type-product","3":"status-publish","4":"has-post-thumbnail","6":"product_cat-beach-sccessories","7":"product_cat-sunglasses","9":"first","10":"outofstock","11":"taxable","12":"shipping-taxable","13":"purchasable","14":"product-type-variable","15":"entry","16":"content-bg","17":"loop-entry"},"acf":[],"_links":{"self":[{"href":"https:\/\/www.emporio.si\/si\/wp-json\/wp\/v2\/product\/113317","targetHints":{"allow":["GET"]}}],"collection":[{"href":"https:\/\/www.emporio.si\/si\/wp-json\/wp\/v2\/product"}],"about":[{"href":"https:\/\/www.emporio.si\/si\/wp-json\/wp\/v2\/types\/product"}],"wp:featuredmedia":[{"embeddable":true,"href":"https:\/\/www.emporio.si\/si\/wp-json\/wp\/v2\/media\/113309"}],"wp:attachment":[{"href":"https:\/\/www.emporio.si\/si\/wp-json\/wp\/v2\/media?parent=113317"}],"wp:term":[{"taxonomy":"product_brand","embeddable":true,"href":"https:\/\/www.emporio.si\/si\/wp-json\/wp\/v2\/product_brand?post=113317"},{"taxonomy":"product_cat","embeddable":true,"href":"https:\/\/www.emporio.si\/si\/wp-json\/wp\/v2\/product_cat?post=113317"},{"taxonomy":"product_tag","embeddable":true,"href":"https:\/\/www.emporio.si\/si\/wp-json\/wp\/v2\/product_tag?post=113317"}],"curies":[{"name":"wp","href":"https:\/\/api.w.org\/{rel}","templated":true}]}}