
{"id":113423,"date":"2024-10-08T14:21:11","date_gmt":"2024-10-08T14:21:11","guid":{"rendered":"https:\/\/www.emporio.si\/product\/folding-shopping-trolley\/"},"modified":"2025-11-10T13:17:52","modified_gmt":"2025-11-10T13:17:52","slug":"zlozljivi-nakupovalni-vozicek","status":"publish","type":"product","link":"https:\/\/www.emporio.si\/si\/p\/zlozljivi-nakupovalni-vozicek\/","title":{"rendered":"Zlo\u017eljivi nakupovalni vozi\u010dek"},"content":{"rendered":"<p>Zlo\u017eljiv plasti\u010dni nakupovalni vozi\u010dek z raztegljivim ro\u010dajem in prostornino 32 litrov. Z njim lahko preprosto preva\u017eate svoje nakupe. Na sprednjo stran bomo natisnili va\u0161 logotip.<\/p>","protected":false},"excerpt":{"rendered":"<p>Zlo\u017eljiv plasti\u010dni nakupovalni vozi\u010dek z raztegljivim ro\u010dajem in prostornino 32 litrov. Z njim lahko preprosto preva\u017eate svoje nakupe. Na sprednjo stran bomo natisnili va\u0161 logotip.<\/p>","protected":false},"featured_media":113411,"template":"","meta":{"_acf_changed":false,"inline_featured_image":false,"_bst_post_transparent":"","_bst_post_title":"","_bst_post_layout":"","_bst_post_sidebar_id":"","_bst_post_content_style":"","_bst_post_vertical_padding":"","_bst_post_feature":"","_bst_post_feature_position":"","_bst_post_header":false,"_bst_post_footer":false},"product_brand":[],"product_cat":[2500],"product_tag":[],"class_list":{"0":"post-113423","1":"product","2":"type-product","3":"status-publish","4":"has-post-thumbnail","6":"product_cat-shopping-bags-canvas-bags","8":"first","9":"instock","10":"taxable","11":"shipping-taxable","12":"purchasable","13":"product-type-variable","14":"entry","15":"content-bg","16":"loop-entry"},"acf":[],"_links":{"self":[{"href":"https:\/\/www.emporio.si\/si\/wp-json\/wp\/v2\/product\/113423","targetHints":{"allow":["GET"]}}],"collection":[{"href":"https:\/\/www.emporio.si\/si\/wp-json\/wp\/v2\/product"}],"about":[{"href":"https:\/\/www.emporio.si\/si\/wp-json\/wp\/v2\/types\/product"}],"wp:featuredmedia":[{"embeddable":true,"href":"https:\/\/www.emporio.si\/si\/wp-json\/wp\/v2\/media\/113411"}],"wp:attachment":[{"href":"https:\/\/www.emporio.si\/si\/wp-json\/wp\/v2\/media?parent=113423"}],"wp:term":[{"taxonomy":"product_brand","embeddable":true,"href":"https:\/\/www.emporio.si\/si\/wp-json\/wp\/v2\/product_brand?post=113423"},{"taxonomy":"product_cat","embeddable":true,"href":"https:\/\/www.emporio.si\/si\/wp-json\/wp\/v2\/product_cat?post=113423"},{"taxonomy":"product_tag","embeddable":true,"href":"https:\/\/www.emporio.si\/si\/wp-json\/wp\/v2\/product_tag?post=113423"}],"curies":[{"name":"wp","href":"https:\/\/api.w.org\/{rel}","templated":true}]}}