
{"id":113780,"date":"2024-10-08T14:22:23","date_gmt":"2024-10-08T14:22:23","guid":{"rendered":"https:\/\/www.emporio.si\/product\/sports-drinking-bottle-750-ml\/"},"modified":"2025-11-10T13:17:55","modified_gmt":"2025-11-10T13:17:55","slug":"sportna-plastenka-za-pitje-750-ml","status":"publish","type":"product","link":"https:\/\/www.emporio.si\/si\/p\/sportna-plastenka-za-pitje-750-ml\/","title":{"rendered":"\u0160portna plastenka za pitje 750 ml"},"content":{"rendered":"<p>\u0160portna plastenka za pitje iz plastike (brez BPA) s prostornino 750 ml in \u0161portnim pokrov\u010dkom. Na steklenici bo natisnjen va\u0161 logotip.<\/p>","protected":false},"excerpt":{"rendered":"<p>\u0160portna plastenka za pitje iz plastike (brez BPA) s prostornino 750 ml in \u0161portnim pokrov\u010dkom. Na steklenici bo natisnjen va\u0161 logotip.<\/p>","protected":false},"featured_media":113762,"template":"","meta":{"_acf_changed":false,"inline_featured_image":false,"_bst_post_transparent":"","_bst_post_title":"","_bst_post_layout":"","_bst_post_sidebar_id":"","_bst_post_content_style":"","_bst_post_vertical_padding":"","_bst_post_feature":"","_bst_post_feature_position":"","_bst_post_header":false,"_bst_post_footer":false},"product_brand":[],"product_cat":[2514],"product_tag":[],"class_list":{"0":"post-113780","1":"product","2":"type-product","3":"status-publish","4":"has-post-thumbnail","6":"product_cat-bottles","8":"first","9":"instock","10":"taxable","11":"shipping-taxable","12":"purchasable","13":"product-type-variable","14":"entry","15":"content-bg","16":"loop-entry"},"acf":[],"_links":{"self":[{"href":"https:\/\/www.emporio.si\/si\/wp-json\/wp\/v2\/product\/113780","targetHints":{"allow":["GET"]}}],"collection":[{"href":"https:\/\/www.emporio.si\/si\/wp-json\/wp\/v2\/product"}],"about":[{"href":"https:\/\/www.emporio.si\/si\/wp-json\/wp\/v2\/types\/product"}],"wp:featuredmedia":[{"embeddable":true,"href":"https:\/\/www.emporio.si\/si\/wp-json\/wp\/v2\/media\/113762"}],"wp:attachment":[{"href":"https:\/\/www.emporio.si\/si\/wp-json\/wp\/v2\/media?parent=113780"}],"wp:term":[{"taxonomy":"product_brand","embeddable":true,"href":"https:\/\/www.emporio.si\/si\/wp-json\/wp\/v2\/product_brand?post=113780"},{"taxonomy":"product_cat","embeddable":true,"href":"https:\/\/www.emporio.si\/si\/wp-json\/wp\/v2\/product_cat?post=113780"},{"taxonomy":"product_tag","embeddable":true,"href":"https:\/\/www.emporio.si\/si\/wp-json\/wp\/v2\/product_tag?post=113780"}],"curies":[{"name":"wp","href":"https:\/\/api.w.org\/{rel}","templated":true}]}}