
{"id":113860,"date":"2024-10-08T14:22:39","date_gmt":"2024-10-08T14:22:39","guid":{"rendered":"https:\/\/www.emporio.si\/product\/to-go-cup-with-straw\/"},"modified":"2025-10-15T19:18:46","modified_gmt":"2025-10-15T19:18:46","slug":"skodelica-s-slamico","status":"publish","type":"product","link":"https:\/\/www.emporio.si\/si\/p\/skodelica-s-slamico\/","title":{"rendered":"Skodelica s slamico"},"content":{"rendered":"<p>Skodelica iz nerjavnega jekla z vakuumsko izolacijo, pokrovom iz bambusa in trpe\u017eno plasti\u010dno slamico. Na skodelico graviramo va\u0161 logotip.<\/p>","protected":false},"excerpt":{"rendered":"<p>Skodelica iz nerjavnega jekla z vakuumsko izolacijo, pokrovom iz bambusa in trpe\u017eno plasti\u010dno slamico. Na skodelico graviramo va\u0161 logotip.<\/p>","protected":false},"featured_media":113857,"template":"","meta":{"_acf_changed":false,"inline_featured_image":false,"_bst_post_transparent":"","_bst_post_title":"","_bst_post_layout":"","_bst_post_sidebar_id":"","_bst_post_content_style":"","_bst_post_vertical_padding":"","_bst_post_feature":"","_bst_post_feature_position":"","_bst_post_header":false,"_bst_post_footer":false},"product_brand":[],"product_cat":[2511,2508],"product_tag":[],"class_list":{"0":"post-113860","1":"product","2":"type-product","3":"status-publish","4":"has-post-thumbnail","6":"product_cat-mugs-cups-jugs","7":"product_cat-thermoses-and-thermos-mugs","9":"first","10":"instock","11":"taxable","12":"shipping-taxable","13":"purchasable","14":"product-type-variable","15":"entry","16":"content-bg","17":"loop-entry"},"acf":[],"_links":{"self":[{"href":"https:\/\/www.emporio.si\/si\/wp-json\/wp\/v2\/product\/113860","targetHints":{"allow":["GET"]}}],"collection":[{"href":"https:\/\/www.emporio.si\/si\/wp-json\/wp\/v2\/product"}],"about":[{"href":"https:\/\/www.emporio.si\/si\/wp-json\/wp\/v2\/types\/product"}],"wp:featuredmedia":[{"embeddable":true,"href":"https:\/\/www.emporio.si\/si\/wp-json\/wp\/v2\/media\/113857"}],"wp:attachment":[{"href":"https:\/\/www.emporio.si\/si\/wp-json\/wp\/v2\/media?parent=113860"}],"wp:term":[{"taxonomy":"product_brand","embeddable":true,"href":"https:\/\/www.emporio.si\/si\/wp-json\/wp\/v2\/product_brand?post=113860"},{"taxonomy":"product_cat","embeddable":true,"href":"https:\/\/www.emporio.si\/si\/wp-json\/wp\/v2\/product_cat?post=113860"},{"taxonomy":"product_tag","embeddable":true,"href":"https:\/\/www.emporio.si\/si\/wp-json\/wp\/v2\/product_tag?post=113860"}],"curies":[{"name":"wp","href":"https:\/\/api.w.org\/{rel}","templated":true}]}}