
{"id":113863,"date":"2024-10-08T14:22:40","date_gmt":"2024-10-08T14:22:40","guid":{"rendered":"https:\/\/www.emporio.si\/product\/stainless-steel-cup-480ml\/"},"modified":"2025-10-15T19:18:46","modified_gmt":"2025-10-15T19:18:46","slug":"skodelica-iz-nerjavecega-jekla-480ml","status":"publish","type":"product","link":"https:\/\/www.emporio.si\/si\/p\/skodelica-iz-nerjavecega-jekla-480ml\/","title":{"rendered":"Skodelica iz nerjave\u010dega jekla 480ml"},"content":{"rendered":"<p>Velik vr\u010d iz nerjave\u010dega jekla s prostornino 480 ml. Trpe\u017een in skoraj neuni\u010dljiv je primeren za vse dejavnosti na prostem. Va\u0161 logotip bomo gravirali na \u010drno zunanjo stran.<\/p>","protected":false},"excerpt":{"rendered":"<p>Velik vr\u010d iz nerjave\u010dega jekla s prostornino 480 ml. Trpe\u017een in skoraj neuni\u010dljiv je primeren za vse dejavnosti na prostem. Va\u0161 logotip bomo gravirali na \u010drno zunanjo stran.<\/p>","protected":false},"featured_media":113861,"template":"","meta":{"_acf_changed":false,"inline_featured_image":false,"_bst_post_transparent":"","_bst_post_title":"","_bst_post_layout":"","_bst_post_sidebar_id":"","_bst_post_content_style":"","_bst_post_vertical_padding":"","_bst_post_feature":"","_bst_post_feature_position":"","_bst_post_header":false,"_bst_post_footer":false},"product_brand":[],"product_cat":[2511],"product_tag":[],"class_list":{"0":"post-113863","1":"product","2":"type-product","3":"status-publish","4":"has-post-thumbnail","6":"product_cat-mugs-cups-jugs","8":"first","9":"instock","10":"taxable","11":"shipping-taxable","12":"purchasable","13":"product-type-variable","14":"entry","15":"content-bg","16":"loop-entry"},"acf":[],"_links":{"self":[{"href":"https:\/\/www.emporio.si\/si\/wp-json\/wp\/v2\/product\/113863","targetHints":{"allow":["GET"]}}],"collection":[{"href":"https:\/\/www.emporio.si\/si\/wp-json\/wp\/v2\/product"}],"about":[{"href":"https:\/\/www.emporio.si\/si\/wp-json\/wp\/v2\/types\/product"}],"wp:featuredmedia":[{"embeddable":true,"href":"https:\/\/www.emporio.si\/si\/wp-json\/wp\/v2\/media\/113861"}],"wp:attachment":[{"href":"https:\/\/www.emporio.si\/si\/wp-json\/wp\/v2\/media?parent=113863"}],"wp:term":[{"taxonomy":"product_brand","embeddable":true,"href":"https:\/\/www.emporio.si\/si\/wp-json\/wp\/v2\/product_brand?post=113863"},{"taxonomy":"product_cat","embeddable":true,"href":"https:\/\/www.emporio.si\/si\/wp-json\/wp\/v2\/product_cat?post=113863"},{"taxonomy":"product_tag","embeddable":true,"href":"https:\/\/www.emporio.si\/si\/wp-json\/wp\/v2\/product_tag?post=113863"}],"curies":[{"name":"wp","href":"https:\/\/api.w.org\/{rel}","templated":true}]}}