
{"id":113948,"date":"2024-10-08T14:22:58","date_gmt":"2024-10-08T14:22:58","guid":{"rendered":"https:\/\/www.emporio.si\/product\/torch-with-rechargeable-battery\/"},"modified":"2025-11-10T13:17:57","modified_gmt":"2025-11-10T13:17:57","slug":"svetilka-z-akumulatorsko-baterijo","status":"publish","type":"product","link":"https:\/\/www.emporio.si\/si\/p\/svetilka-z-akumulatorsko-baterijo\/","title":{"rendered":"Svetilka z akumulatorsko baterijo"},"content":{"rendered":"<p>Polnilna svetilka (3 W, 150 lumnov) z baterijo 600 mAh in dodatno stransko lu\u010djo (3 W, 130 lumnov). Svetilka ima tri na\u010dine osvetlitve in je opremljena s polnilnim kablom. Na svetilko bo graviran va\u0161 logotip.<\/p>","protected":false},"excerpt":{"rendered":"<p>Polnilna svetilka (3 W, 150 lumnov) z baterijo 600 mAh in dodatno stransko lu\u010djo (3 W, 130 lumnov). Svetilka ima tri na\u010dine osvetlitve in je opremljena s polnilnim kablom. Na svetilko bo graviran va\u0161 logotip.<\/p>","protected":false},"featured_media":113940,"template":"","meta":{"_acf_changed":false,"inline_featured_image":false,"_bst_post_transparent":"","_bst_post_title":"","_bst_post_layout":"","_bst_post_sidebar_id":"","_bst_post_content_style":"","_bst_post_vertical_padding":"","_bst_post_feature":"","_bst_post_feature_position":"","_bst_post_header":false,"_bst_post_footer":false},"product_brand":[],"product_cat":[2519],"product_tag":[],"class_list":{"0":"post-113948","1":"product","2":"type-product","3":"status-publish","4":"has-post-thumbnail","6":"product_cat-flashlights","8":"first","9":"instock","10":"taxable","11":"shipping-taxable","12":"purchasable","13":"product-type-variable","14":"entry","15":"content-bg","16":"loop-entry"},"acf":[],"_links":{"self":[{"href":"https:\/\/www.emporio.si\/si\/wp-json\/wp\/v2\/product\/113948","targetHints":{"allow":["GET"]}}],"collection":[{"href":"https:\/\/www.emporio.si\/si\/wp-json\/wp\/v2\/product"}],"about":[{"href":"https:\/\/www.emporio.si\/si\/wp-json\/wp\/v2\/types\/product"}],"wp:featuredmedia":[{"embeddable":true,"href":"https:\/\/www.emporio.si\/si\/wp-json\/wp\/v2\/media\/113940"}],"wp:attachment":[{"href":"https:\/\/www.emporio.si\/si\/wp-json\/wp\/v2\/media?parent=113948"}],"wp:term":[{"taxonomy":"product_brand","embeddable":true,"href":"https:\/\/www.emporio.si\/si\/wp-json\/wp\/v2\/product_brand?post=113948"},{"taxonomy":"product_cat","embeddable":true,"href":"https:\/\/www.emporio.si\/si\/wp-json\/wp\/v2\/product_cat?post=113948"},{"taxonomy":"product_tag","embeddable":true,"href":"https:\/\/www.emporio.si\/si\/wp-json\/wp\/v2\/product_tag?post=113948"}],"curies":[{"name":"wp","href":"https:\/\/api.w.org\/{rel}","templated":true}]}}