
{"id":114228,"date":"2024-10-08T14:23:54","date_gmt":"2024-10-08T14:23:54","guid":{"rendered":"https:\/\/www.emporio.si\/product\/paper-ball-pen\/"},"modified":"2025-11-10T13:18:01","modified_gmt":"2025-11-10T13:18:01","slug":"papirnato-pisalo-2","status":"publish","type":"product","link":"https:\/\/www.emporio.si\/si\/p\/papirnato-pisalo-2\/","title":{"rendered":"Papirnato pisalo"},"content":{"rendered":"<p>Okolju prijazno pisalo iz recikliranega papirja s tremi okrasnimi obro\u010dki in modro pisalno polnilo z veliko kapaciteto. Na ohi\u0161je natisnemo va\u0161 logotip.<\/p>","protected":false},"excerpt":{"rendered":"<p>Okolju prijazno pisalo iz recikliranega papirja s tremi okrasnimi obro\u010dki in modro pisalno polnilo z veliko kapaciteto. Na ohi\u0161je natisnemo va\u0161 logotip.<\/p>","protected":false},"featured_media":114223,"template":"","meta":{"_acf_changed":false,"inline_featured_image":false,"_bst_post_transparent":"","_bst_post_title":"","_bst_post_layout":"","_bst_post_sidebar_id":"","_bst_post_content_style":"","_bst_post_vertical_padding":"","_bst_post_feature":"","_bst_post_feature_position":"","_bst_post_header":false,"_bst_post_footer":false},"product_brand":[],"product_cat":[2476],"product_tag":[],"class_list":{"0":"post-114228","1":"product","2":"type-product","3":"status-publish","4":"has-post-thumbnail","6":"product_cat-eco-friendly-pens","8":"first","9":"instock","10":"taxable","11":"shipping-taxable","12":"purchasable","13":"product-type-variable","14":"entry","15":"content-bg","16":"loop-entry"},"acf":[],"_links":{"self":[{"href":"https:\/\/www.emporio.si\/si\/wp-json\/wp\/v2\/product\/114228","targetHints":{"allow":["GET"]}}],"collection":[{"href":"https:\/\/www.emporio.si\/si\/wp-json\/wp\/v2\/product"}],"about":[{"href":"https:\/\/www.emporio.si\/si\/wp-json\/wp\/v2\/types\/product"}],"wp:featuredmedia":[{"embeddable":true,"href":"https:\/\/www.emporio.si\/si\/wp-json\/wp\/v2\/media\/114223"}],"wp:attachment":[{"href":"https:\/\/www.emporio.si\/si\/wp-json\/wp\/v2\/media?parent=114228"}],"wp:term":[{"taxonomy":"product_brand","embeddable":true,"href":"https:\/\/www.emporio.si\/si\/wp-json\/wp\/v2\/product_brand?post=114228"},{"taxonomy":"product_cat","embeddable":true,"href":"https:\/\/www.emporio.si\/si\/wp-json\/wp\/v2\/product_cat?post=114228"},{"taxonomy":"product_tag","embeddable":true,"href":"https:\/\/www.emporio.si\/si\/wp-json\/wp\/v2\/product_tag?post=114228"}],"curies":[{"name":"wp","href":"https:\/\/api.w.org\/{rel}","templated":true}]}}