
{"id":114524,"date":"2024-10-08T14:24:53","date_gmt":"2024-10-08T14:24:53","guid":{"rendered":"https:\/\/www.emporio.si\/product\/non-woven-bag-with-long-handles\/"},"modified":"2025-11-10T13:18:06","modified_gmt":"2025-11-10T13:18:06","slug":"netkana-vrecka-z-dolgimi-rocaji","status":"publish","type":"product","link":"https:\/\/www.emporio.si\/si\/p\/netkana-vrecka-z-dolgimi-rocaji\/","title":{"rendered":"Netkana vre\u010dka z dolgimi ro\u010daji"},"content":{"rendered":"<p>Netkana torba z 80 g\/m2, trdnim kri\u017enim \u0161ivom in dolgimi ro\u010daji. Va\u0161 logotip bo natisnjen na eni strani.<\/p>","protected":false},"excerpt":{"rendered":"<p>Netkana torba z 80 g\/m2, trdnim kri\u017enim \u0161ivom in dolgimi ro\u010daji. Va\u0161 logotip bo natisnjen na eni strani.<\/p>","protected":false},"featured_media":114522,"template":"","meta":{"_acf_changed":false,"inline_featured_image":false,"_bst_post_transparent":"","_bst_post_title":"","_bst_post_layout":"","_bst_post_sidebar_id":"","_bst_post_content_style":"","_bst_post_vertical_padding":"","_bst_post_feature":"","_bst_post_feature_position":"","_bst_post_header":false,"_bst_post_footer":false},"product_brand":[],"product_cat":[2500],"product_tag":[],"class_list":{"0":"post-114524","1":"product","2":"type-product","3":"status-publish","4":"has-post-thumbnail","6":"product_cat-shopping-bags-canvas-bags","8":"first","9":"instock","10":"taxable","11":"shipping-taxable","12":"purchasable","13":"product-type-variable","14":"entry","15":"content-bg","16":"loop-entry"},"acf":[],"_links":{"self":[{"href":"https:\/\/www.emporio.si\/si\/wp-json\/wp\/v2\/product\/114524","targetHints":{"allow":["GET"]}}],"collection":[{"href":"https:\/\/www.emporio.si\/si\/wp-json\/wp\/v2\/product"}],"about":[{"href":"https:\/\/www.emporio.si\/si\/wp-json\/wp\/v2\/types\/product"}],"wp:featuredmedia":[{"embeddable":true,"href":"https:\/\/www.emporio.si\/si\/wp-json\/wp\/v2\/media\/114522"}],"wp:attachment":[{"href":"https:\/\/www.emporio.si\/si\/wp-json\/wp\/v2\/media?parent=114524"}],"wp:term":[{"taxonomy":"product_brand","embeddable":true,"href":"https:\/\/www.emporio.si\/si\/wp-json\/wp\/v2\/product_brand?post=114524"},{"taxonomy":"product_cat","embeddable":true,"href":"https:\/\/www.emporio.si\/si\/wp-json\/wp\/v2\/product_cat?post=114524"},{"taxonomy":"product_tag","embeddable":true,"href":"https:\/\/www.emporio.si\/si\/wp-json\/wp\/v2\/product_tag?post=114524"}],"curies":[{"name":"wp","href":"https:\/\/api.w.org\/{rel}","templated":true}]}}