
{"id":114644,"date":"2024-10-08T14:25:18","date_gmt":"2024-10-08T14:25:18","guid":{"rendered":"https:\/\/www.emporio.si\/product\/cotton-bag-for-1-bottle\/"},"modified":"2025-11-10T13:20:01","modified_gmt":"2025-11-10T13:20:01","slug":"bombazna-vrecka-za-1-steklenico","status":"publish","type":"product","link":"https:\/\/www.emporio.si\/si\/p\/bombazna-vrecka-za-1-steklenico\/","title":{"rendered":"Bomba\u017ena vre\u010dka za 1 steklenico"},"content":{"rendered":"<p>Bomba\u017ena darilna vre\u010dka za steklenice s certifikatom Oeko-Tex\u00ae STANDARD 100. Odli\u010dna je za trajnostno obdarovanje tovrstnih daril. Na vre\u010dko bomo natisnili va\u0161 logotip.<\/p>","protected":false},"excerpt":{"rendered":"<p>Bomba\u017ena darilna vre\u010dka za steklenice s certifikatom Oeko-Tex\u00ae STANDARD 100. Odli\u010dna je za trajnostno obdarovanje tovrstnih daril. Na vre\u010dko bomo natisnili va\u0161 logotip.<\/p>","protected":false},"featured_media":114641,"template":"","meta":{"_acf_changed":false,"inline_featured_image":false,"_bst_post_transparent":"","_bst_post_title":"","_bst_post_layout":"","_bst_post_sidebar_id":"","_bst_post_content_style":"","_bst_post_vertical_padding":"","_bst_post_feature":"","_bst_post_feature_position":"","_bst_post_header":false,"_bst_post_footer":false},"product_brand":[],"product_cat":[2542,2543,2502,2534],"product_tag":[],"class_list":{"0":"post-114644","1":"product","2":"type-product","3":"status-publish","4":"has-post-thumbnail","6":"product_cat-christmas-ideas","7":"product_cat-christmas-products","8":"product_cat-eco-friendly-bags","9":"product_cat-gift-bags","11":"first","12":"instock","13":"taxable","14":"shipping-taxable","15":"purchasable","16":"product-type-variable","17":"entry","18":"content-bg","19":"loop-entry"},"acf":[],"_links":{"self":[{"href":"https:\/\/www.emporio.si\/si\/wp-json\/wp\/v2\/product\/114644","targetHints":{"allow":["GET"]}}],"collection":[{"href":"https:\/\/www.emporio.si\/si\/wp-json\/wp\/v2\/product"}],"about":[{"href":"https:\/\/www.emporio.si\/si\/wp-json\/wp\/v2\/types\/product"}],"wp:featuredmedia":[{"embeddable":true,"href":"https:\/\/www.emporio.si\/si\/wp-json\/wp\/v2\/media\/114641"}],"wp:attachment":[{"href":"https:\/\/www.emporio.si\/si\/wp-json\/wp\/v2\/media?parent=114644"}],"wp:term":[{"taxonomy":"product_brand","embeddable":true,"href":"https:\/\/www.emporio.si\/si\/wp-json\/wp\/v2\/product_brand?post=114644"},{"taxonomy":"product_cat","embeddable":true,"href":"https:\/\/www.emporio.si\/si\/wp-json\/wp\/v2\/product_cat?post=114644"},{"taxonomy":"product_tag","embeddable":true,"href":"https:\/\/www.emporio.si\/si\/wp-json\/wp\/v2\/product_tag?post=114644"}],"curies":[{"name":"wp","href":"https:\/\/api.w.org\/{rel}","templated":true}]}}