
{"id":114673,"date":"2024-10-08T14:25:25","date_gmt":"2024-10-08T14:25:25","guid":{"rendered":"https:\/\/www.emporio.si\/product\/poker-classic-card-game\/"},"modified":"2025-11-10T13:18:07","modified_gmt":"2025-11-10T13:18:07","slug":"poker-klasicna-igra-s-kartami","status":"publish","type":"product","link":"https:\/\/www.emporio.si\/si\/p\/poker-klasicna-igra-s-kartami\/","title":{"rendered":"Poker klasi\u010dna igra s kartami"},"content":{"rendered":"<p>Klasi\u010dna igra s kartami (Poker) iz recikliranega papirja v \u0161katli iz recikliranega kartona. Na \u0161katli bo va\u0161 logotip.<\/p>","protected":false},"excerpt":{"rendered":"<p>Klasi\u010dna igra s kartami (Poker) iz recikliranega papirja v \u0161katli iz recikliranega kartona. Na \u0161katli bo va\u0161 logotip.<\/p>","protected":false},"featured_media":114666,"template":"","meta":{"_acf_changed":false,"inline_featured_image":false,"_bst_post_transparent":"","_bst_post_title":"","_bst_post_layout":"","_bst_post_sidebar_id":"","_bst_post_content_style":"","_bst_post_vertical_padding":"","_bst_post_feature":"","_bst_post_feature_position":"","_bst_post_header":false,"_bst_post_footer":false},"product_brand":[],"product_cat":[2523],"product_tag":[],"class_list":{"0":"post-114673","1":"product","2":"type-product","3":"status-publish","4":"has-post-thumbnail","6":"product_cat-games","8":"first","9":"instock","10":"taxable","11":"shipping-taxable","12":"purchasable","13":"product-type-variable","14":"entry","15":"content-bg","16":"loop-entry"},"acf":[],"_links":{"self":[{"href":"https:\/\/www.emporio.si\/si\/wp-json\/wp\/v2\/product\/114673","targetHints":{"allow":["GET"]}}],"collection":[{"href":"https:\/\/www.emporio.si\/si\/wp-json\/wp\/v2\/product"}],"about":[{"href":"https:\/\/www.emporio.si\/si\/wp-json\/wp\/v2\/types\/product"}],"wp:featuredmedia":[{"embeddable":true,"href":"https:\/\/www.emporio.si\/si\/wp-json\/wp\/v2\/media\/114666"}],"wp:attachment":[{"href":"https:\/\/www.emporio.si\/si\/wp-json\/wp\/v2\/media?parent=114673"}],"wp:term":[{"taxonomy":"product_brand","embeddable":true,"href":"https:\/\/www.emporio.si\/si\/wp-json\/wp\/v2\/product_brand?post=114673"},{"taxonomy":"product_cat","embeddable":true,"href":"https:\/\/www.emporio.si\/si\/wp-json\/wp\/v2\/product_cat?post=114673"},{"taxonomy":"product_tag","embeddable":true,"href":"https:\/\/www.emporio.si\/si\/wp-json\/wp\/v2\/product_tag?post=114673"}],"curies":[{"name":"wp","href":"https:\/\/api.w.org\/{rel}","templated":true}]}}