
{"id":114918,"date":"2024-10-08T14:26:16","date_gmt":"2024-10-08T14:26:16","guid":{"rendered":"https:\/\/www.emporio.si\/product\/organic-cotton-bag-gots-with-bottom-fold\/"},"modified":"2025-11-10T13:18:11","modified_gmt":"2025-11-10T13:18:11","slug":"vrecke-iz-organskega-bombaza-s-spodnjim-pregibom","status":"publish","type":"product","link":"https:\/\/www.emporio.si\/si\/p\/vrecke-iz-organskega-bombaza-s-spodnjim-pregibom\/","title":{"rendered":"Vre\u010dka iz ekolo\u0161kega bomba\u017ea (GOTS) s spodnjim pregibom"},"content":{"rendered":"<p>Vre\u010dka iz ekolo\u0161kega bomba\u017ea (180 g\/m\u00b2) je certificirana po standardu GOTS in zaradi velikega spodnjega pregibanja ponuja veliko prostora. Va\u0161 logotip bo natisnjen na eni strani.<\/p>","protected":false},"excerpt":{"rendered":"<p>Vre\u010dka iz ekolo\u0161kega bomba\u017ea (180 g\/m\u00b2) je certificirana po standardu GOTS in zaradi velikega spodnjega pregibanja ponuja veliko prostora. Va\u0161 logotip bo natisnjen na eni strani.<\/p>","protected":false},"featured_media":114915,"template":"","meta":{"_acf_changed":false,"inline_featured_image":false,"_bst_post_transparent":"","_bst_post_title":"","_bst_post_layout":"","_bst_post_sidebar_id":"","_bst_post_content_style":"","_bst_post_vertical_padding":"","_bst_post_feature":"","_bst_post_feature_position":"","_bst_post_header":false,"_bst_post_footer":false},"product_brand":[],"product_cat":[2502,2500],"product_tag":[],"class_list":{"0":"post-114918","1":"product","2":"type-product","3":"status-publish","4":"has-post-thumbnail","6":"product_cat-eco-friendly-bags","7":"product_cat-shopping-bags-canvas-bags","9":"first","10":"instock","11":"taxable","12":"shipping-taxable","13":"purchasable","14":"product-type-variable","15":"entry","16":"content-bg","17":"loop-entry"},"acf":[],"_links":{"self":[{"href":"https:\/\/www.emporio.si\/si\/wp-json\/wp\/v2\/product\/114918","targetHints":{"allow":["GET"]}}],"collection":[{"href":"https:\/\/www.emporio.si\/si\/wp-json\/wp\/v2\/product"}],"about":[{"href":"https:\/\/www.emporio.si\/si\/wp-json\/wp\/v2\/types\/product"}],"wp:featuredmedia":[{"embeddable":true,"href":"https:\/\/www.emporio.si\/si\/wp-json\/wp\/v2\/media\/114915"}],"wp:attachment":[{"href":"https:\/\/www.emporio.si\/si\/wp-json\/wp\/v2\/media?parent=114918"}],"wp:term":[{"taxonomy":"product_brand","embeddable":true,"href":"https:\/\/www.emporio.si\/si\/wp-json\/wp\/v2\/product_brand?post=114918"},{"taxonomy":"product_cat","embeddable":true,"href":"https:\/\/www.emporio.si\/si\/wp-json\/wp\/v2\/product_cat?post=114918"},{"taxonomy":"product_tag","embeddable":true,"href":"https:\/\/www.emporio.si\/si\/wp-json\/wp\/v2\/product_tag?post=114918"}],"curies":[{"name":"wp","href":"https:\/\/api.w.org\/{rel}","templated":true}]}}