
{"id":115048,"date":"2024-10-08T14:26:45","date_gmt":"2024-10-08T14:26:45","guid":{"rendered":"https:\/\/www.emporio.si\/product\/aluminium-push-pen-shiny-metalic\/"},"modified":"2025-11-10T13:18:12","modified_gmt":"2025-11-10T13:18:12","slug":"aluminijasto-potisno-pero-sijoce-kovinsko","status":"publish","type":"product","link":"https:\/\/www.emporio.si\/si\/p\/aluminijasto-potisno-pero-sijoce-kovinsko\/","title":{"rendered":"Aluminijasto pisalo, sijo\u010da kovinska barva"},"content":{"rendered":"<p>Aluminijasto krogli\u010dno pero v svetle\u010dih kovinskih barvah. Va\u0161 logotip graviramo na desni strani sponke.<\/p>","protected":false},"excerpt":{"rendered":"<p>Aluminijasto krogli\u010dno pero v svetle\u010dih kovinskih barvah. Va\u0161 logotip graviramo na desni strani sponke.<\/p>","protected":false},"featured_media":115035,"template":"","meta":{"_acf_changed":false,"inline_featured_image":false,"_bst_post_transparent":"","_bst_post_title":"","_bst_post_layout":"","_bst_post_sidebar_id":"","_bst_post_content_style":"","_bst_post_vertical_padding":"","_bst_post_feature":"","_bst_post_feature_position":"","_bst_post_header":false,"_bst_post_footer":false},"product_brand":[],"product_cat":[2475],"product_tag":[],"class_list":{"0":"post-115048","1":"product","2":"type-product","3":"status-publish","4":"has-post-thumbnail","6":"product_cat-metal-pens-and-writing-instrument","8":"first","9":"instock","10":"taxable","11":"shipping-taxable","12":"purchasable","13":"product-type-variable","14":"entry","15":"content-bg","16":"loop-entry"},"acf":[],"_links":{"self":[{"href":"https:\/\/www.emporio.si\/si\/wp-json\/wp\/v2\/product\/115048","targetHints":{"allow":["GET"]}}],"collection":[{"href":"https:\/\/www.emporio.si\/si\/wp-json\/wp\/v2\/product"}],"about":[{"href":"https:\/\/www.emporio.si\/si\/wp-json\/wp\/v2\/types\/product"}],"wp:featuredmedia":[{"embeddable":true,"href":"https:\/\/www.emporio.si\/si\/wp-json\/wp\/v2\/media\/115035"}],"wp:attachment":[{"href":"https:\/\/www.emporio.si\/si\/wp-json\/wp\/v2\/media?parent=115048"}],"wp:term":[{"taxonomy":"product_brand","embeddable":true,"href":"https:\/\/www.emporio.si\/si\/wp-json\/wp\/v2\/product_brand?post=115048"},{"taxonomy":"product_cat","embeddable":true,"href":"https:\/\/www.emporio.si\/si\/wp-json\/wp\/v2\/product_cat?post=115048"},{"taxonomy":"product_tag","embeddable":true,"href":"https:\/\/www.emporio.si\/si\/wp-json\/wp\/v2\/product_tag?post=115048"}],"curies":[{"name":"wp","href":"https:\/\/api.w.org\/{rel}","templated":true}]}}