
{"id":115118,"date":"2024-10-08T14:27:00","date_gmt":"2024-10-08T14:27:00","guid":{"rendered":"https:\/\/www.emporio.si\/product\/meat-fork\/"},"modified":"2025-11-10T13:18:12","modified_gmt":"2025-11-10T13:18:12","slug":"vilice-za-meso","status":"publish","type":"product","link":"https:\/\/www.emporio.si\/si\/p\/vilice-za-meso\/","title":{"rendered":"Vilice za meso"},"content":{"rendered":"<p>Kot nala\u0161\u010d za ljubitelje mesa! Vilice in no\u017ei z lesenimi ro\u010daji iz nerjavnega jekla za rezanje pe\u010denk, mesa z \u017eara ali zrezkov v okolju prijazni embala\u017ei. Logotip bo vgraviran na rezilu.<\/p>","protected":false},"excerpt":{"rendered":"<p>Kot nala\u0161\u010d za ljubitelje mesa! Vilice in no\u017ei z lesenimi ro\u010daji iz nerjavnega jekla za rezanje pe\u010denk, mesa z \u017eara ali zrezkov v okolju prijazni embala\u017ei. Logotip bo vgraviran na rezilu.<\/p>","protected":false},"featured_media":115114,"template":"","meta":{"_acf_changed":false,"inline_featured_image":false,"_bst_post_transparent":"","_bst_post_title":"","_bst_post_layout":"","_bst_post_sidebar_id":"","_bst_post_content_style":"","_bst_post_vertical_padding":"","_bst_post_feature":"","_bst_post_feature_position":"","_bst_post_header":false,"_bst_post_footer":false},"product_brand":[],"product_cat":[2507],"product_tag":[],"class_list":{"0":"post-115118","1":"product","2":"type-product","3":"status-publish","4":"has-post-thumbnail","6":"product_cat-kitchen-accessories","8":"first","9":"instock","10":"taxable","11":"shipping-taxable","12":"purchasable","13":"product-type-variable","14":"entry","15":"content-bg","16":"loop-entry"},"acf":[],"_links":{"self":[{"href":"https:\/\/www.emporio.si\/si\/wp-json\/wp\/v2\/product\/115118","targetHints":{"allow":["GET"]}}],"collection":[{"href":"https:\/\/www.emporio.si\/si\/wp-json\/wp\/v2\/product"}],"about":[{"href":"https:\/\/www.emporio.si\/si\/wp-json\/wp\/v2\/types\/product"}],"wp:featuredmedia":[{"embeddable":true,"href":"https:\/\/www.emporio.si\/si\/wp-json\/wp\/v2\/media\/115114"}],"wp:attachment":[{"href":"https:\/\/www.emporio.si\/si\/wp-json\/wp\/v2\/media?parent=115118"}],"wp:term":[{"taxonomy":"product_brand","embeddable":true,"href":"https:\/\/www.emporio.si\/si\/wp-json\/wp\/v2\/product_brand?post=115118"},{"taxonomy":"product_cat","embeddable":true,"href":"https:\/\/www.emporio.si\/si\/wp-json\/wp\/v2\/product_cat?post=115118"},{"taxonomy":"product_tag","embeddable":true,"href":"https:\/\/www.emporio.si\/si\/wp-json\/wp\/v2\/product_tag?post=115118"}],"curies":[{"name":"wp","href":"https:\/\/api.w.org\/{rel}","templated":true}]}}