
{"id":115232,"date":"2024-10-08T14:27:24","date_gmt":"2024-10-08T14:27:24","guid":{"rendered":"https:\/\/www.emporio.si\/product\/wooden-game-set\/"},"modified":"2025-11-10T13:18:14","modified_gmt":"2025-11-10T13:18:14","slug":"leseni-igralni-set","status":"publish","type":"product","link":"https:\/\/www.emporio.si\/si\/p\/leseni-igralni-set\/","title":{"rendered":"Leseni igralni set"},"content":{"rendered":"<p>Igralni komplet v leseni \u0161katli, sestavljen iz \u0161aha, mikada, dame in domina. Naslednji igralni ve\u010der v celoti v eni \u0161katli. Na \u0161katlo bomo nalepili va\u0161 logotip.<\/p>","protected":false},"excerpt":{"rendered":"<p>Igralni komplet v leseni \u0161katli, sestavljen iz \u0161aha, mikada, dame in domina. Naslednji igralni ve\u010der v celoti v eni \u0161katli. Na \u0161katlo bomo nalepili va\u0161 logotip.<\/p>","protected":false},"featured_media":115222,"template":"","meta":{"_acf_changed":false,"inline_featured_image":false,"_bst_post_transparent":"","_bst_post_title":"","_bst_post_layout":"","_bst_post_sidebar_id":"","_bst_post_content_style":"","_bst_post_vertical_padding":"","_bst_post_feature":"","_bst_post_feature_position":"","_bst_post_header":false,"_bst_post_footer":false},"product_brand":[],"product_cat":[2523],"product_tag":[],"class_list":{"0":"post-115232","1":"product","2":"type-product","3":"status-publish","4":"has-post-thumbnail","6":"product_cat-games","8":"first","9":"instock","10":"taxable","11":"shipping-taxable","12":"purchasable","13":"product-type-variable","14":"entry","15":"content-bg","16":"loop-entry"},"acf":[],"_links":{"self":[{"href":"https:\/\/www.emporio.si\/si\/wp-json\/wp\/v2\/product\/115232","targetHints":{"allow":["GET"]}}],"collection":[{"href":"https:\/\/www.emporio.si\/si\/wp-json\/wp\/v2\/product"}],"about":[{"href":"https:\/\/www.emporio.si\/si\/wp-json\/wp\/v2\/types\/product"}],"wp:featuredmedia":[{"embeddable":true,"href":"https:\/\/www.emporio.si\/si\/wp-json\/wp\/v2\/media\/115222"}],"wp:attachment":[{"href":"https:\/\/www.emporio.si\/si\/wp-json\/wp\/v2\/media?parent=115232"}],"wp:term":[{"taxonomy":"product_brand","embeddable":true,"href":"https:\/\/www.emporio.si\/si\/wp-json\/wp\/v2\/product_brand?post=115232"},{"taxonomy":"product_cat","embeddable":true,"href":"https:\/\/www.emporio.si\/si\/wp-json\/wp\/v2\/product_cat?post=115232"},{"taxonomy":"product_tag","embeddable":true,"href":"https:\/\/www.emporio.si\/si\/wp-json\/wp\/v2\/product_tag?post=115232"}],"curies":[{"name":"wp","href":"https:\/\/api.w.org\/{rel}","templated":true}]}}