
{"id":115279,"date":"2024-10-08T14:27:34","date_gmt":"2024-10-08T14:27:34","guid":{"rendered":"https:\/\/www.emporio.si\/product\/bicycle-tool-in-wooden-casing\/"},"modified":"2025-11-10T13:18:14","modified_gmt":"2025-11-10T13:18:14","slug":"kolesarsko-orodje-v-lesenem-ohisju","status":"publish","type":"product","link":"https:\/\/www.emporio.si\/si\/p\/kolesarsko-orodje-v-lesenem-ohisju\/","title":{"rendered":"Kolesarsko orodje v lesenem ohi\u0161ju"},"content":{"rendered":"<p>Kolesarsko orodje iz kovine in lesenega ohi\u0161ja. Majhno in priro\u010dno orodje ne sme manjkati na naslednji kolesarski turi. Na leseno ohi\u0161je z laserjem vtisnemo va\u0161 logotip.<\/p>","protected":false},"excerpt":{"rendered":"<p>Kolesarsko orodje iz kovine in lesenega ohi\u0161ja. Majhno in priro\u010dno orodje ne sme manjkati na naslednji kolesarski turi. Na leseno ohi\u0161je z laserjem vtisnemo va\u0161 logotip.<\/p>","protected":false},"featured_media":115272,"template":"","meta":{"_acf_changed":false,"inline_featured_image":false,"_bst_post_transparent":"","_bst_post_title":"","_bst_post_layout":"","_bst_post_sidebar_id":"","_bst_post_content_style":"","_bst_post_vertical_padding":"","_bst_post_feature":"","_bst_post_feature_position":"","_bst_post_header":false,"_bst_post_footer":false},"product_brand":[],"product_cat":[2520,2529],"product_tag":[],"class_list":{"0":"post-115279","1":"product","2":"type-product","3":"status-publish","4":"has-post-thumbnail","6":"product_cat-bicycle-accessories","7":"product_cat-multitools","9":"first","10":"instock","11":"taxable","12":"shipping-taxable","13":"purchasable","14":"product-type-variable","15":"entry","16":"content-bg","17":"loop-entry"},"acf":[],"_links":{"self":[{"href":"https:\/\/www.emporio.si\/si\/wp-json\/wp\/v2\/product\/115279","targetHints":{"allow":["GET"]}}],"collection":[{"href":"https:\/\/www.emporio.si\/si\/wp-json\/wp\/v2\/product"}],"about":[{"href":"https:\/\/www.emporio.si\/si\/wp-json\/wp\/v2\/types\/product"}],"wp:featuredmedia":[{"embeddable":true,"href":"https:\/\/www.emporio.si\/si\/wp-json\/wp\/v2\/media\/115272"}],"wp:attachment":[{"href":"https:\/\/www.emporio.si\/si\/wp-json\/wp\/v2\/media?parent=115279"}],"wp:term":[{"taxonomy":"product_brand","embeddable":true,"href":"https:\/\/www.emporio.si\/si\/wp-json\/wp\/v2\/product_brand?post=115279"},{"taxonomy":"product_cat","embeddable":true,"href":"https:\/\/www.emporio.si\/si\/wp-json\/wp\/v2\/product_cat?post=115279"},{"taxonomy":"product_tag","embeddable":true,"href":"https:\/\/www.emporio.si\/si\/wp-json\/wp\/v2\/product_tag?post=115279"}],"curies":[{"name":"wp","href":"https:\/\/api.w.org\/{rel}","templated":true}]}}