
{"id":115411,"date":"2024-10-08T14:28:01","date_gmt":"2024-10-08T14:28:01","guid":{"rendered":"https:\/\/www.emporio.si\/product\/shot-glass-set\/"},"modified":"2025-11-10T13:18:16","modified_gmt":"2025-11-10T13:18:16","slug":"komplet-kozarcev-za-brizganje","status":"publish","type":"product","link":"https:\/\/www.emporio.si\/si\/p\/komplet-kozarcev-za-brizganje\/","title":{"rendered":"Komplet kozarcev za brizganje"},"content":{"rendered":"<p>5-delni komplet kozarcev za kozarce s 4 kozarci po 3 cl in leseno plo\u0161\u010dico s trakom za prena\u0161anje. Va\u0161 logotip bo graviran na desko.<\/p>","protected":false},"excerpt":{"rendered":"<p>5-delni komplet kozarcev za kozarce s 4 kozarci po 3 cl in leseno plo\u0161\u010dico s trakom za prena\u0161anje. Va\u0161 logotip bo graviran na desko.<\/p>","protected":false},"featured_media":115407,"template":"","meta":{"_acf_changed":false,"inline_featured_image":false,"_bst_post_transparent":"","_bst_post_title":"","_bst_post_layout":"","_bst_post_sidebar_id":"","_bst_post_content_style":"","_bst_post_vertical_padding":"","_bst_post_feature":"","_bst_post_feature_position":"","_bst_post_header":false,"_bst_post_footer":false},"product_brand":[],"product_cat":[2512],"product_tag":[],"class_list":{"0":"post-115411","1":"product","2":"type-product","3":"status-publish","4":"has-post-thumbnail","6":"product_cat-sets-and-drinking-accessories","8":"first","9":"instock","10":"taxable","11":"shipping-taxable","12":"purchasable","13":"product-type-variable","14":"entry","15":"content-bg","16":"loop-entry"},"acf":[],"_links":{"self":[{"href":"https:\/\/www.emporio.si\/si\/wp-json\/wp\/v2\/product\/115411","targetHints":{"allow":["GET"]}}],"collection":[{"href":"https:\/\/www.emporio.si\/si\/wp-json\/wp\/v2\/product"}],"about":[{"href":"https:\/\/www.emporio.si\/si\/wp-json\/wp\/v2\/types\/product"}],"wp:featuredmedia":[{"embeddable":true,"href":"https:\/\/www.emporio.si\/si\/wp-json\/wp\/v2\/media\/115407"}],"wp:attachment":[{"href":"https:\/\/www.emporio.si\/si\/wp-json\/wp\/v2\/media?parent=115411"}],"wp:term":[{"taxonomy":"product_brand","embeddable":true,"href":"https:\/\/www.emporio.si\/si\/wp-json\/wp\/v2\/product_brand?post=115411"},{"taxonomy":"product_cat","embeddable":true,"href":"https:\/\/www.emporio.si\/si\/wp-json\/wp\/v2\/product_cat?post=115411"},{"taxonomy":"product_tag","embeddable":true,"href":"https:\/\/www.emporio.si\/si\/wp-json\/wp\/v2\/product_tag?post=115411"}],"curies":[{"name":"wp","href":"https:\/\/api.w.org\/{rel}","templated":true}]}}