
{"id":115518,"date":"2024-10-08T14:28:24","date_gmt":"2024-10-08T14:28:24","guid":{"rendered":"https:\/\/www.emporio.si\/product\/rpet-cooler-bag-with-2-compartments\/"},"modified":"2025-10-15T19:19:04","modified_gmt":"2025-10-15T19:19:04","slug":"hladilna-torba-z-2-predaloma","status":"publish","type":"product","link":"https:\/\/www.emporio.si\/si\/p\/hladilna-torba-z-2-predaloma\/","title":{"rendered":"RPET Hladilna torba z 2 predaloma"},"content":{"rendered":"<p>Hladilna torba RPET z dvema lo\u010denima hladilnima predelkoma PEVA in sprednjim \u017eepom. Zaradi traku za no\u0161enje je hladilna torba idealna za dan na pla\u017ei ali na po\u010ditnicah. Va\u0161 logotip bomo natisnili na \u017eep za pisavo.<\/p>","protected":false},"excerpt":{"rendered":"<p>Hladilna torba RPET z dvema lo\u010denima hladilnima predelkoma PEVA in sprednjim \u017eepom. Zaradi traku za no\u0161enje je hladilna torba idealna za dan na pla\u017ei ali na po\u010ditnicah. Va\u0161 logotip bomo natisnili na \u017eep za pisavo.<\/p>","protected":false},"featured_media":115509,"template":"","meta":{"_acf_changed":false,"inline_featured_image":false,"_bst_post_transparent":"","_bst_post_title":"","_bst_post_layout":"","_bst_post_sidebar_id":"","_bst_post_content_style":"","_bst_post_vertical_padding":"","_bst_post_feature":"","_bst_post_feature_position":"","_bst_post_header":false,"_bst_post_footer":false},"product_brand":[],"product_cat":[2528,2502],"product_tag":[],"class_list":{"0":"post-115518","1":"product","2":"type-product","3":"status-publish","4":"has-post-thumbnail","6":"product_cat-cooler-bags","7":"product_cat-eco-friendly-bags","9":"first","10":"outofstock","11":"taxable","12":"shipping-taxable","13":"purchasable","14":"product-type-variable","15":"entry","16":"content-bg","17":"loop-entry"},"acf":[],"_links":{"self":[{"href":"https:\/\/www.emporio.si\/si\/wp-json\/wp\/v2\/product\/115518","targetHints":{"allow":["GET"]}}],"collection":[{"href":"https:\/\/www.emporio.si\/si\/wp-json\/wp\/v2\/product"}],"about":[{"href":"https:\/\/www.emporio.si\/si\/wp-json\/wp\/v2\/types\/product"}],"wp:featuredmedia":[{"embeddable":true,"href":"https:\/\/www.emporio.si\/si\/wp-json\/wp\/v2\/media\/115509"}],"wp:attachment":[{"href":"https:\/\/www.emporio.si\/si\/wp-json\/wp\/v2\/media?parent=115518"}],"wp:term":[{"taxonomy":"product_brand","embeddable":true,"href":"https:\/\/www.emporio.si\/si\/wp-json\/wp\/v2\/product_brand?post=115518"},{"taxonomy":"product_cat","embeddable":true,"href":"https:\/\/www.emporio.si\/si\/wp-json\/wp\/v2\/product_cat?post=115518"},{"taxonomy":"product_tag","embeddable":true,"href":"https:\/\/www.emporio.si\/si\/wp-json\/wp\/v2\/product_tag?post=115518"}],"curies":[{"name":"wp","href":"https:\/\/api.w.org\/{rel}","templated":true}]}}