
{"id":115785,"date":"2024-10-08T14:29:20","date_gmt":"2024-10-08T14:29:20","guid":{"rendered":"https:\/\/www.emporio.si\/product\/pvc-table-mat\/"},"modified":"2025-10-15T19:19:06","modified_gmt":"2025-10-15T19:19:06","slug":"pvc-namizna-podloga","status":"publish","type":"product","link":"https:\/\/www.emporio.si\/si\/p\/pvc-namizna-podloga\/","title":{"rendered":"PVC namizna podloga"},"content":{"rendered":"<p>Robustna namizna preproga iz PVC, ki jo je mogo\u010de prati. \u0160\u010diti pred praskami in made\u017ei, poleg tega pa je tudi dekorativna na vsaki mizi. Va\u0161 logotip je natisnjen na sredini podloge.<\/p>","protected":false},"excerpt":{"rendered":"<p>Robustna namizna preproga iz PVC, ki jo je mogo\u010de prati. \u0160\u010diti pred praskami in made\u017ei, poleg tega pa je tudi dekorativna na vsaki mizi. Va\u0161 logotip je natisnjen na sredini podloge.<\/p>","protected":false},"featured_media":115782,"template":"","meta":{"_acf_changed":false,"inline_featured_image":false,"_bst_post_transparent":"","_bst_post_title":"","_bst_post_layout":"","_bst_post_sidebar_id":"","_bst_post_content_style":"","_bst_post_vertical_padding":"","_bst_post_feature":"","_bst_post_feature_position":"","_bst_post_header":false,"_bst_post_footer":false},"product_brand":[],"product_cat":[2507],"product_tag":[],"class_list":{"0":"post-115785","1":"product","2":"type-product","3":"status-publish","4":"has-post-thumbnail","6":"product_cat-kitchen-accessories","8":"first","9":"instock","10":"taxable","11":"shipping-taxable","12":"purchasable","13":"product-type-variable","14":"entry","15":"content-bg","16":"loop-entry"},"acf":[],"_links":{"self":[{"href":"https:\/\/www.emporio.si\/si\/wp-json\/wp\/v2\/product\/115785","targetHints":{"allow":["GET"]}}],"collection":[{"href":"https:\/\/www.emporio.si\/si\/wp-json\/wp\/v2\/product"}],"about":[{"href":"https:\/\/www.emporio.si\/si\/wp-json\/wp\/v2\/types\/product"}],"wp:featuredmedia":[{"embeddable":true,"href":"https:\/\/www.emporio.si\/si\/wp-json\/wp\/v2\/media\/115782"}],"wp:attachment":[{"href":"https:\/\/www.emporio.si\/si\/wp-json\/wp\/v2\/media?parent=115785"}],"wp:term":[{"taxonomy":"product_brand","embeddable":true,"href":"https:\/\/www.emporio.si\/si\/wp-json\/wp\/v2\/product_brand?post=115785"},{"taxonomy":"product_cat","embeddable":true,"href":"https:\/\/www.emporio.si\/si\/wp-json\/wp\/v2\/product_cat?post=115785"},{"taxonomy":"product_tag","embeddable":true,"href":"https:\/\/www.emporio.si\/si\/wp-json\/wp\/v2\/product_tag?post=115785"}],"curies":[{"name":"wp","href":"https:\/\/api.w.org\/{rel}","templated":true}]}}