
{"id":115927,"date":"2024-10-08T14:29:49","date_gmt":"2024-10-08T14:29:49","guid":{"rendered":"https:\/\/www.emporio.si\/product\/ceramic-mug-with-spoon-and-bamboo-lid\/"},"modified":"2025-11-10T13:18:20","modified_gmt":"2025-11-10T13:18:20","slug":"keramicni-vrc-z-zlico-in-pokrovom-iz-bambusa","status":"publish","type":"product","link":"https:\/\/www.emporio.si\/si\/p\/keramicni-vrc-z-zlico-in-pokrovom-iz-bambusa\/","title":{"rendered":"Kerami\u010dni vr\u010d z \u017elico in pokrovom iz bambusa"},"content":{"rendered":"<p>Kerami\u010dni vr\u010d s pokrovom iz bambusa, ustrezno vdolbino za \u017elico in prostornino 300 ml. Va\u0161 logotip na bambusovem pokrovu natisnemo z laserjem.<\/p>","protected":false},"excerpt":{"rendered":"<p>Kerami\u010dni vr\u010d s pokrovom iz bambusa, ustrezno vdolbino za \u017elico in prostornino 300 ml. Va\u0161 logotip na bambusovem pokrovu natisnemo z laserjem.<\/p>","protected":false},"featured_media":115915,"template":"","meta":{"_acf_changed":false,"inline_featured_image":false,"_bst_post_transparent":"","_bst_post_title":"","_bst_post_layout":"","_bst_post_sidebar_id":"","_bst_post_content_style":"","_bst_post_vertical_padding":"","_bst_post_feature":"","_bst_post_feature_position":"","_bst_post_header":false,"_bst_post_footer":false},"product_brand":[],"product_cat":[2511],"product_tag":[],"class_list":{"0":"post-115927","1":"product","2":"type-product","3":"status-publish","4":"has-post-thumbnail","6":"product_cat-mugs-cups-jugs","8":"first","9":"instock","10":"taxable","11":"shipping-taxable","12":"purchasable","13":"product-type-variable","14":"entry","15":"content-bg","16":"loop-entry"},"acf":[],"_links":{"self":[{"href":"https:\/\/www.emporio.si\/si\/wp-json\/wp\/v2\/product\/115927","targetHints":{"allow":["GET"]}}],"collection":[{"href":"https:\/\/www.emporio.si\/si\/wp-json\/wp\/v2\/product"}],"about":[{"href":"https:\/\/www.emporio.si\/si\/wp-json\/wp\/v2\/types\/product"}],"wp:featuredmedia":[{"embeddable":true,"href":"https:\/\/www.emporio.si\/si\/wp-json\/wp\/v2\/media\/115915"}],"wp:attachment":[{"href":"https:\/\/www.emporio.si\/si\/wp-json\/wp\/v2\/media?parent=115927"}],"wp:term":[{"taxonomy":"product_brand","embeddable":true,"href":"https:\/\/www.emporio.si\/si\/wp-json\/wp\/v2\/product_brand?post=115927"},{"taxonomy":"product_cat","embeddable":true,"href":"https:\/\/www.emporio.si\/si\/wp-json\/wp\/v2\/product_cat?post=115927"},{"taxonomy":"product_tag","embeddable":true,"href":"https:\/\/www.emporio.si\/si\/wp-json\/wp\/v2\/product_tag?post=115927"}],"curies":[{"name":"wp","href":"https:\/\/api.w.org\/{rel}","templated":true}]}}