
{"id":116310,"date":"2024-10-08T14:31:12","date_gmt":"2024-10-08T14:31:12","guid":{"rendered":"https:\/\/www.emporio.si\/product\/a5-notebook-with-recycled-leather-cover\/"},"modified":"2025-11-10T13:18:24","modified_gmt":"2025-11-10T13:18:24","slug":"beleznica-a5-z-ovitkom-iz-recikliranega-usnja","status":"publish","type":"product","link":"https:\/\/www.emporio.si\/si\/p\/beleznica-a5-z-ovitkom-iz-recikliranega-usnja\/","title":{"rendered":"Zapisnik A5 z ovitkom iz recikliranega usnja"},"content":{"rendered":"<p>Zapisnik A5 z ovitkom iz recikliranega usnja z elasti\u010dnim trakom za zapiranje, bralno zna\u010dko in 160 linijskimi stranmi. Na zvezek natisnemo va\u0161 logotip.<\/p>","protected":false},"excerpt":{"rendered":"<p>Zapisnik A5 z ovitkom iz recikliranega usnja z elasti\u010dnim trakom za zapiranje, bralno zna\u010dko in 160 linijskimi stranmi. Na zvezek natisnemo va\u0161 logotip.<\/p>","protected":false},"featured_media":116298,"template":"","meta":{"_acf_changed":false,"inline_featured_image":false,"_bst_post_transparent":"","_bst_post_title":"","_bst_post_layout":"","_bst_post_sidebar_id":"","_bst_post_content_style":"","_bst_post_vertical_padding":"","_bst_post_feature":"","_bst_post_feature_position":"","_bst_post_header":false,"_bst_post_footer":false},"product_brand":[],"product_cat":[2482],"product_tag":[],"class_list":{"0":"post-116310","1":"product","2":"type-product","3":"status-publish","4":"has-post-thumbnail","6":"product_cat-notebooks-and-folders","8":"first","9":"instock","10":"taxable","11":"shipping-taxable","12":"purchasable","13":"product-type-variable","14":"entry","15":"content-bg","16":"loop-entry"},"acf":[],"_links":{"self":[{"href":"https:\/\/www.emporio.si\/si\/wp-json\/wp\/v2\/product\/116310","targetHints":{"allow":["GET"]}}],"collection":[{"href":"https:\/\/www.emporio.si\/si\/wp-json\/wp\/v2\/product"}],"about":[{"href":"https:\/\/www.emporio.si\/si\/wp-json\/wp\/v2\/types\/product"}],"wp:featuredmedia":[{"embeddable":true,"href":"https:\/\/www.emporio.si\/si\/wp-json\/wp\/v2\/media\/116298"}],"wp:attachment":[{"href":"https:\/\/www.emporio.si\/si\/wp-json\/wp\/v2\/media?parent=116310"}],"wp:term":[{"taxonomy":"product_brand","embeddable":true,"href":"https:\/\/www.emporio.si\/si\/wp-json\/wp\/v2\/product_brand?post=116310"},{"taxonomy":"product_cat","embeddable":true,"href":"https:\/\/www.emporio.si\/si\/wp-json\/wp\/v2\/product_cat?post=116310"},{"taxonomy":"product_tag","embeddable":true,"href":"https:\/\/www.emporio.si\/si\/wp-json\/wp\/v2\/product_tag?post=116310"}],"curies":[{"name":"wp","href":"https:\/\/api.w.org\/{rel}","templated":true}]}}