
{"id":116553,"date":"2024-10-08T14:32:03","date_gmt":"2024-10-08T14:32:03","guid":{"rendered":"https:\/\/www.emporio.si\/product\/drinking-bottle-made-from-recycled-aluminium-3\/"},"modified":"2025-11-10T13:18:26","modified_gmt":"2025-11-10T13:18:26","slug":"steklenica-za-pijaco-iz-recikliranega-aluminija-3","status":"publish","type":"product","link":"https:\/\/www.emporio.si\/si\/p\/steklenica-za-pijaco-iz-recikliranega-aluminija-3\/","title":{"rendered":"Steklenica za pitje iz recikliranega aluminija"},"content":{"rendered":"<p>Steklenica za pitje iz recikliranega aluminija s prostornino 600 ml. Zapiralo iz bambusa ima prakti\u010den trak za no\u0161enje. Na steklenico lahko graviramo va\u0161 logotip.<\/p>","protected":false},"excerpt":{"rendered":"<p>Steklenica za pitje iz recikliranega aluminija s prostornino 600 ml. Zapiralo iz bambusa ima prakti\u010den trak za no\u0161enje. Na steklenico lahko graviramo va\u0161 logotip.<\/p>","protected":false},"featured_media":116546,"template":"","meta":{"_acf_changed":false,"inline_featured_image":false,"_bst_post_transparent":"","_bst_post_title":"","_bst_post_layout":"","_bst_post_sidebar_id":"","_bst_post_content_style":"","_bst_post_vertical_padding":"","_bst_post_feature":"","_bst_post_feature_position":"","_bst_post_header":false,"_bst_post_footer":false},"product_brand":[],"product_cat":[2514],"product_tag":[],"class_list":{"0":"post-116553","1":"product","2":"type-product","3":"status-publish","4":"has-post-thumbnail","6":"product_cat-bottles","8":"first","9":"instock","10":"taxable","11":"shipping-taxable","12":"purchasable","13":"product-type-variable","14":"entry","15":"content-bg","16":"loop-entry"},"acf":[],"_links":{"self":[{"href":"https:\/\/www.emporio.si\/si\/wp-json\/wp\/v2\/product\/116553","targetHints":{"allow":["GET"]}}],"collection":[{"href":"https:\/\/www.emporio.si\/si\/wp-json\/wp\/v2\/product"}],"about":[{"href":"https:\/\/www.emporio.si\/si\/wp-json\/wp\/v2\/types\/product"}],"wp:featuredmedia":[{"embeddable":true,"href":"https:\/\/www.emporio.si\/si\/wp-json\/wp\/v2\/media\/116546"}],"wp:attachment":[{"href":"https:\/\/www.emporio.si\/si\/wp-json\/wp\/v2\/media?parent=116553"}],"wp:term":[{"taxonomy":"product_brand","embeddable":true,"href":"https:\/\/www.emporio.si\/si\/wp-json\/wp\/v2\/product_brand?post=116553"},{"taxonomy":"product_cat","embeddable":true,"href":"https:\/\/www.emporio.si\/si\/wp-json\/wp\/v2\/product_cat?post=116553"},{"taxonomy":"product_tag","embeddable":true,"href":"https:\/\/www.emporio.si\/si\/wp-json\/wp\/v2\/product_tag?post=116553"}],"curies":[{"name":"wp","href":"https:\/\/api.w.org\/{rel}","templated":true}]}}