
{"id":116561,"date":"2024-10-08T14:32:05","date_gmt":"2024-10-08T14:32:05","guid":{"rendered":"https:\/\/www.emporio.si\/product\/gift-set-with-drinking-bottle-lunch-box-and-jute\/"},"modified":"2025-11-10T13:18:26","modified_gmt":"2025-11-10T13:18:26","slug":"darilni-set-s-steklenico-za-pitje-in-skatlo-za-kosilo-iz-jute","status":"publish","type":"product","link":"https:\/\/www.emporio.si\/si\/p\/darilni-set-s-steklenico-za-pitje-in-skatlo-za-kosilo-iz-jute\/","title":{"rendered":"Darilni komplet s steklenico za pitje, \u0161katlo za kosilo in juto"},"content":{"rendered":"<p>Darilni komplet v okolju prijazni embala\u017ei, ki ga sestavljajo \u0161katla za kosilo (aluminijasta s pokrovom iz bambusa, ki ga je mogo\u010de zakleniti), hladilna torba iz jute in steklenica za pitje (iz nerjave\u010dega jekla s prostornino 500 ml). Va\u0161 logotip bo graviran na \u0161katlo za kosilo in steklenico.<\/p>","protected":false},"excerpt":{"rendered":"<p>Darilni komplet v okolju prijazni embala\u017ei, ki ga sestavljajo \u0161katla za kosilo (aluminijasta s pokrovom iz bambusa, ki ga je mogo\u010de zakleniti), hladilna torba iz jute in steklenica za pitje (iz nerjave\u010dega jekla s prostornino 500 ml). Va\u0161 logotip bo graviran na \u0161katlo za kosilo in steklenico.<\/p>","protected":false},"featured_media":116554,"template":"","meta":{"_acf_changed":false,"inline_featured_image":false,"_bst_post_transparent":"","_bst_post_title":"","_bst_post_layout":"","_bst_post_sidebar_id":"","_bst_post_content_style":"","_bst_post_vertical_padding":"","_bst_post_feature":"","_bst_post_feature_position":"","_bst_post_header":false,"_bst_post_footer":false},"product_brand":[],"product_cat":[2512,2515],"product_tag":[],"class_list":{"0":"post-116561","1":"product","2":"type-product","3":"status-publish","4":"has-post-thumbnail","6":"product_cat-sets-and-drinking-accessories","7":"product_cat-snack-and-lunch-boxes-food-containers","9":"first","10":"instock","11":"taxable","12":"shipping-taxable","13":"purchasable","14":"product-type-variable","15":"entry","16":"content-bg","17":"loop-entry"},"acf":[],"_links":{"self":[{"href":"https:\/\/www.emporio.si\/si\/wp-json\/wp\/v2\/product\/116561","targetHints":{"allow":["GET"]}}],"collection":[{"href":"https:\/\/www.emporio.si\/si\/wp-json\/wp\/v2\/product"}],"about":[{"href":"https:\/\/www.emporio.si\/si\/wp-json\/wp\/v2\/types\/product"}],"wp:featuredmedia":[{"embeddable":true,"href":"https:\/\/www.emporio.si\/si\/wp-json\/wp\/v2\/media\/116554"}],"wp:attachment":[{"href":"https:\/\/www.emporio.si\/si\/wp-json\/wp\/v2\/media?parent=116561"}],"wp:term":[{"taxonomy":"product_brand","embeddable":true,"href":"https:\/\/www.emporio.si\/si\/wp-json\/wp\/v2\/product_brand?post=116561"},{"taxonomy":"product_cat","embeddable":true,"href":"https:\/\/www.emporio.si\/si\/wp-json\/wp\/v2\/product_cat?post=116561"},{"taxonomy":"product_tag","embeddable":true,"href":"https:\/\/www.emporio.si\/si\/wp-json\/wp\/v2\/product_tag?post=116561"}],"curies":[{"name":"wp","href":"https:\/\/api.w.org\/{rel}","templated":true}]}}