
{"id":117371,"date":"2024-10-08T14:34:55","date_gmt":"2024-10-08T14:34:55","guid":{"rendered":"https:\/\/www.emporio.si\/product\/high-quality-backpack-with-usb-port\/"},"modified":"2025-11-10T13:18:31","modified_gmt":"2025-11-10T13:18:31","slug":"visokokakovosten-nahrbtnik-z-usb-prikljuckom","status":"publish","type":"product","link":"https:\/\/www.emporio.si\/si\/p\/visokokakovosten-nahrbtnik-z-usb-prikljuckom\/","title":{"rendered":"Visokokakovosten nahrbtnik z vhodom USB"},"content":{"rendered":"<p>Visokokakovosten, vodoodporen nahrbtnik iz najlona 65% in poliuretana 35%. Z vhodom USB in oja\u010danimi zra\u010dnimi naramnicami. Nahrbtnik ponuja veliko prostora za shranjevanje in je primeren za prenosne ra\u010dunalnike do velikosti 15,6 palca. Va\u0161 logotip bo natisnjen na sprednji strani.<\/p>","protected":false},"excerpt":{"rendered":"<p>Visokokakovosten, vodoodporen nahrbtnik iz najlona 65% in poliuretana 35%. Z vhodom USB in oja\u010danimi zra\u010dnimi naramnicami. Nahrbtnik ponuja veliko prostora za shranjevanje in je primeren za prenosne ra\u010dunalnike do velikosti 15,6 palca. Va\u0161 logotip bo natisnjen na sprednji strani.<\/p>","protected":false},"featured_media":117349,"template":"","meta":{"_acf_changed":false,"inline_featured_image":false,"_bst_post_transparent":"","_bst_post_title":"","_bst_post_layout":"","_bst_post_sidebar_id":"","_bst_post_content_style":"","_bst_post_vertical_padding":"","_bst_post_feature":"","_bst_post_feature_position":"","_bst_post_header":false,"_bst_post_footer":false},"product_brand":[],"product_cat":[2495,2501],"product_tag":[],"class_list":{"0":"post-117371","1":"product","2":"type-product","3":"status-publish","4":"has-post-thumbnail","6":"product_cat-backpacks-and-shoulder-bags","7":"product_cat-document-bags-laptop-bags","9":"first","10":"instock","11":"taxable","12":"shipping-taxable","13":"purchasable","14":"product-type-variable","15":"entry","16":"content-bg","17":"loop-entry"},"acf":[],"_links":{"self":[{"href":"https:\/\/www.emporio.si\/si\/wp-json\/wp\/v2\/product\/117371","targetHints":{"allow":["GET"]}}],"collection":[{"href":"https:\/\/www.emporio.si\/si\/wp-json\/wp\/v2\/product"}],"about":[{"href":"https:\/\/www.emporio.si\/si\/wp-json\/wp\/v2\/types\/product"}],"wp:featuredmedia":[{"embeddable":true,"href":"https:\/\/www.emporio.si\/si\/wp-json\/wp\/v2\/media\/117349"}],"wp:attachment":[{"href":"https:\/\/www.emporio.si\/si\/wp-json\/wp\/v2\/media?parent=117371"}],"wp:term":[{"taxonomy":"product_brand","embeddable":true,"href":"https:\/\/www.emporio.si\/si\/wp-json\/wp\/v2\/product_brand?post=117371"},{"taxonomy":"product_cat","embeddable":true,"href":"https:\/\/www.emporio.si\/si\/wp-json\/wp\/v2\/product_cat?post=117371"},{"taxonomy":"product_tag","embeddable":true,"href":"https:\/\/www.emporio.si\/si\/wp-json\/wp\/v2\/product_tag?post=117371"}],"curies":[{"name":"wp","href":"https:\/\/api.w.org\/{rel}","templated":true}]}}