
{"id":117965,"date":"2024-10-08T14:36:59","date_gmt":"2024-10-08T14:36:59","guid":{"rendered":"https:\/\/www.emporio.si\/product\/cotton-bag-with-long-handles\/"},"modified":"2025-12-10T13:13:06","modified_gmt":"2025-12-10T13:13:06","slug":"bombazna-vrecka-z-dolgimi-rocaji","status":"publish","type":"product","link":"https:\/\/www.emporio.si\/si\/p\/bombazna-vrecka-z-dolgimi-rocaji\/","title":{"rendered":"Bomba\u017ena vre\u010dka z dolgimi ro\u010daji"},"content":{"rendered":"<p>Okolju prijazna bomba\u017ena vre\u010da z dolgimi ro\u010daji, v razli\u010dnih barvah in z izjemno visoko gramaturo 140 g\/m\u00b2. Va\u0161a blagovna znamka bo natisnjena na eni strani.<\/p>","protected":false},"excerpt":{"rendered":"<p>Okolju prijazna bomba\u017ena vre\u010da z dolgimi ro\u010daji, v razli\u010dnih barvah in z izjemno visoko gramaturo 140 g\/m\u00b2. Va\u0161a blagovna znamka bo natisnjena na eni strani.<\/p>","protected":false},"featured_media":117902,"template":"","meta":{"_acf_changed":false,"inline_featured_image":false,"_bst_post_transparent":"","_bst_post_title":"","_bst_post_layout":"","_bst_post_sidebar_id":"","_bst_post_content_style":"","_bst_post_vertical_padding":"","_bst_post_feature":"","_bst_post_feature_position":"","_bst_post_header":false,"_bst_post_footer":false},"product_brand":[],"product_cat":[2502,2500],"product_tag":[],"class_list":{"0":"post-117965","1":"product","2":"type-product","3":"status-publish","4":"has-post-thumbnail","6":"product_cat-eco-friendly-bags","7":"product_cat-shopping-bags-canvas-bags","9":"first","10":"instock","11":"taxable","12":"shipping-taxable","13":"purchasable","14":"product-type-variable","15":"entry","16":"content-bg","17":"loop-entry"},"acf":[],"_links":{"self":[{"href":"https:\/\/www.emporio.si\/si\/wp-json\/wp\/v2\/product\/117965","targetHints":{"allow":["GET"]}}],"collection":[{"href":"https:\/\/www.emporio.si\/si\/wp-json\/wp\/v2\/product"}],"about":[{"href":"https:\/\/www.emporio.si\/si\/wp-json\/wp\/v2\/types\/product"}],"wp:featuredmedia":[{"embeddable":true,"href":"https:\/\/www.emporio.si\/si\/wp-json\/wp\/v2\/media\/117902"}],"wp:attachment":[{"href":"https:\/\/www.emporio.si\/si\/wp-json\/wp\/v2\/media?parent=117965"}],"wp:term":[{"taxonomy":"product_brand","embeddable":true,"href":"https:\/\/www.emporio.si\/si\/wp-json\/wp\/v2\/product_brand?post=117965"},{"taxonomy":"product_cat","embeddable":true,"href":"https:\/\/www.emporio.si\/si\/wp-json\/wp\/v2\/product_cat?post=117965"},{"taxonomy":"product_tag","embeddable":true,"href":"https:\/\/www.emporio.si\/si\/wp-json\/wp\/v2\/product_tag?post=117965"}],"curies":[{"name":"wp","href":"https:\/\/api.w.org\/{rel}","templated":true}]}}