
{"id":118190,"date":"2024-10-08T14:39:44","date_gmt":"2024-10-08T14:39:44","guid":{"rendered":"https:\/\/www.emporio.si\/product\/plastic-ball-pen-with-white-shaft-and-rubber-grip\/"},"modified":"2025-11-10T13:18:40","modified_gmt":"2025-11-10T13:18:40","slug":"plasticno-pisalo-z-belim-drzalom-in-gumijastim-rocajem","status":"publish","type":"product","link":"https:\/\/www.emporio.si\/si\/p\/plasticno-pisalo-z-belim-drzalom-in-gumijastim-rocajem\/","title":{"rendered":"Plasti\u010dno pisalo z belim jedrom in gumijastim ro\u010dajem"},"content":{"rendered":"<p>Krogli\u010dno pero s potisnim mehanizmom, gumijastim oprijemom, modro pisalno polnilo, kovinski potisnik in konica. Va\u0161 logotip bomo natisnili na dr\u017ealo.<\/p>","protected":false},"excerpt":{"rendered":"<p>Krogli\u010dno pero s potisnim mehanizmom, gumijastim oprijemom, modro pisalno polnilo, kovinski potisnik in konica. Va\u0161 logotip bomo natisnili na dr\u017ealo.<\/p>","protected":false},"featured_media":118172,"template":"","meta":{"_acf_changed":false,"inline_featured_image":false,"_bst_post_transparent":"","_bst_post_title":"","_bst_post_layout":"","_bst_post_sidebar_id":"","_bst_post_content_style":"","_bst_post_vertical_padding":"","_bst_post_feature":"","_bst_post_feature_position":"","_bst_post_header":false,"_bst_post_footer":false},"product_brand":[],"product_cat":[2478],"product_tag":[],"class_list":{"0":"post-118190","1":"product","2":"type-product","3":"status-publish","4":"has-post-thumbnail","6":"product_cat-plastic-pens","8":"first","9":"instock","10":"taxable","11":"shipping-taxable","12":"purchasable","13":"product-type-variable","14":"entry","15":"content-bg","16":"loop-entry"},"acf":[],"_links":{"self":[{"href":"https:\/\/www.emporio.si\/si\/wp-json\/wp\/v2\/product\/118190","targetHints":{"allow":["GET"]}}],"collection":[{"href":"https:\/\/www.emporio.si\/si\/wp-json\/wp\/v2\/product"}],"about":[{"href":"https:\/\/www.emporio.si\/si\/wp-json\/wp\/v2\/types\/product"}],"wp:featuredmedia":[{"embeddable":true,"href":"https:\/\/www.emporio.si\/si\/wp-json\/wp\/v2\/media\/118172"}],"wp:attachment":[{"href":"https:\/\/www.emporio.si\/si\/wp-json\/wp\/v2\/media?parent=118190"}],"wp:term":[{"taxonomy":"product_brand","embeddable":true,"href":"https:\/\/www.emporio.si\/si\/wp-json\/wp\/v2\/product_brand?post=118190"},{"taxonomy":"product_cat","embeddable":true,"href":"https:\/\/www.emporio.si\/si\/wp-json\/wp\/v2\/product_cat?post=118190"},{"taxonomy":"product_tag","embeddable":true,"href":"https:\/\/www.emporio.si\/si\/wp-json\/wp\/v2\/product_tag?post=118190"}],"curies":[{"name":"wp","href":"https:\/\/api.w.org\/{rel}","templated":true}]}}