
{"id":118269,"date":"2024-10-08T14:40:01","date_gmt":"2024-10-08T14:40:01","guid":{"rendered":"https:\/\/www.emporio.si\/product\/bottle-opener-2\/"},"modified":"2025-11-10T13:18:41","modified_gmt":"2025-11-10T13:18:41","slug":"odpirac-steklenic-2","status":"publish","type":"product","link":"https:\/\/www.emporio.si\/si\/p\/odpirac-steklenic-2\/","title":{"rendered":"Odpira\u010d za steklenice"},"content":{"rendered":"<p>Klasi\u010dni odpira\u010d za steklenice z zama\u0161kom v razli\u010dnih barvah. Va\u0161 logotip bomo natisnili neposredno na odpira\u010d.<\/p>","protected":false},"excerpt":{"rendered":"<p>Klasi\u010dni odpira\u010d za steklenice z zama\u0161kom v razli\u010dnih barvah. Va\u0161 logotip bomo natisnili neposredno na odpira\u010d.<\/p>","protected":false},"featured_media":118256,"template":"","meta":{"_acf_changed":false,"inline_featured_image":false,"_bst_post_transparent":"","_bst_post_title":"","_bst_post_layout":"","_bst_post_sidebar_id":"","_bst_post_content_style":"","_bst_post_vertical_padding":"","_bst_post_feature":"","_bst_post_feature_position":"","_bst_post_header":false,"_bst_post_footer":false},"product_brand":[],"product_cat":[2510],"product_tag":[],"class_list":{"0":"post-118269","1":"product","2":"type-product","3":"status-publish","4":"has-post-thumbnail","6":"product_cat-bottle-opener-glass-opener","8":"first","9":"instock","10":"taxable","11":"shipping-taxable","12":"purchasable","13":"product-type-variable","14":"entry","15":"content-bg","16":"loop-entry"},"acf":[],"_links":{"self":[{"href":"https:\/\/www.emporio.si\/si\/wp-json\/wp\/v2\/product\/118269","targetHints":{"allow":["GET"]}}],"collection":[{"href":"https:\/\/www.emporio.si\/si\/wp-json\/wp\/v2\/product"}],"about":[{"href":"https:\/\/www.emporio.si\/si\/wp-json\/wp\/v2\/types\/product"}],"wp:featuredmedia":[{"embeddable":true,"href":"https:\/\/www.emporio.si\/si\/wp-json\/wp\/v2\/media\/118256"}],"wp:attachment":[{"href":"https:\/\/www.emporio.si\/si\/wp-json\/wp\/v2\/media?parent=118269"}],"wp:term":[{"taxonomy":"product_brand","embeddable":true,"href":"https:\/\/www.emporio.si\/si\/wp-json\/wp\/v2\/product_brand?post=118269"},{"taxonomy":"product_cat","embeddable":true,"href":"https:\/\/www.emporio.si\/si\/wp-json\/wp\/v2\/product_cat?post=118269"},{"taxonomy":"product_tag","embeddable":true,"href":"https:\/\/www.emporio.si\/si\/wp-json\/wp\/v2\/product_tag?post=118269"}],"curies":[{"name":"wp","href":"https:\/\/api.w.org\/{rel}","templated":true}]}}