
{"id":118377,"date":"2024-10-08T14:40:25","date_gmt":"2024-10-08T14:40:25","guid":{"rendered":"https:\/\/www.emporio.si\/product\/slim-metal-ballpoint-pen\/"},"modified":"2025-11-10T13:18:42","modified_gmt":"2025-11-10T13:18:42","slug":"tanko-kovinsko-pisalo","status":"publish","type":"product","link":"https:\/\/www.emporio.si\/si\/p\/tanko-kovinsko-pisalo\/","title":{"rendered":"Tanko kovinsko krogli\u010dno pero"},"content":{"rendered":"<p>Tanko izvle\u010dno pisalo iz kovine z modro pisalno polnitvijo. Va\u0161 logotip bo graviran na desni strani sponke.<\/p>","protected":false},"excerpt":{"rendered":"<p>Tanko izvle\u010dno pisalo iz kovine z modro pisalno polnitvijo. Va\u0161 logotip bo graviran na desni strani sponke.<\/p>","protected":false},"featured_media":118371,"template":"","meta":{"_acf_changed":false,"inline_featured_image":false,"_bst_post_transparent":"","_bst_post_title":"","_bst_post_layout":"","_bst_post_sidebar_id":"","_bst_post_content_style":"","_bst_post_vertical_padding":"","_bst_post_feature":"","_bst_post_feature_position":"","_bst_post_header":false,"_bst_post_footer":false},"product_brand":[],"product_cat":[2475],"product_tag":[],"class_list":{"0":"post-118377","1":"product","2":"type-product","3":"status-publish","4":"has-post-thumbnail","6":"product_cat-metal-pens-and-writing-instrument","8":"first","9":"instock","10":"taxable","11":"shipping-taxable","12":"purchasable","13":"product-type-variable","14":"entry","15":"content-bg","16":"loop-entry"},"acf":[],"_links":{"self":[{"href":"https:\/\/www.emporio.si\/si\/wp-json\/wp\/v2\/product\/118377","targetHints":{"allow":["GET"]}}],"collection":[{"href":"https:\/\/www.emporio.si\/si\/wp-json\/wp\/v2\/product"}],"about":[{"href":"https:\/\/www.emporio.si\/si\/wp-json\/wp\/v2\/types\/product"}],"wp:featuredmedia":[{"embeddable":true,"href":"https:\/\/www.emporio.si\/si\/wp-json\/wp\/v2\/media\/118371"}],"wp:attachment":[{"href":"https:\/\/www.emporio.si\/si\/wp-json\/wp\/v2\/media?parent=118377"}],"wp:term":[{"taxonomy":"product_brand","embeddable":true,"href":"https:\/\/www.emporio.si\/si\/wp-json\/wp\/v2\/product_brand?post=118377"},{"taxonomy":"product_cat","embeddable":true,"href":"https:\/\/www.emporio.si\/si\/wp-json\/wp\/v2\/product_cat?post=118377"},{"taxonomy":"product_tag","embeddable":true,"href":"https:\/\/www.emporio.si\/si\/wp-json\/wp\/v2\/product_tag?post=118377"}],"curies":[{"name":"wp","href":"https:\/\/api.w.org\/{rel}","templated":true}]}}