
{"id":118594,"date":"2024-10-08T14:41:10","date_gmt":"2024-10-08T14:41:10","guid":{"rendered":"https:\/\/www.emporio.si\/product\/metal-keyring-with-bottle-opener\/"},"modified":"2025-11-10T13:18:45","modified_gmt":"2025-11-10T13:18:45","slug":"kovinski-obesek-za-kljuce-z-odpiracem-za-steklenice","status":"publish","type":"product","link":"https:\/\/www.emporio.si\/si\/p\/kovinski-obesek-za-kljuce-z-odpiracem-za-steklenice\/","title":{"rendered":"Kovinski obesek za klju\u010de z odpira\u010dem za steklenice"},"content":{"rendered":"<p>Kovinski obesek za klju\u010de z odpira\u010dem za steklenice, sijajen krom. Va\u0161 logotip bo graviran.<\/p>","protected":false},"excerpt":{"rendered":"<p>Kovinski obesek za klju\u010de z odpira\u010dem za steklenice, sijajen krom. Va\u0161 logotip bo graviran.<\/p>","protected":false},"featured_media":118585,"template":"","meta":{"_acf_changed":false,"inline_featured_image":false,"_bst_post_transparent":"","_bst_post_title":"","_bst_post_layout":"","_bst_post_sidebar_id":"","_bst_post_content_style":"","_bst_post_vertical_padding":"","_bst_post_feature":"","_bst_post_feature_position":"","_bst_post_header":false,"_bst_post_footer":false},"product_brand":[],"product_cat":[2510,2524],"product_tag":[],"class_list":{"0":"post-118594","1":"product","2":"type-product","3":"status-publish","4":"has-post-thumbnail","6":"product_cat-bottle-opener-glass-opener","7":"product_cat-keychains","9":"first","10":"instock","11":"taxable","12":"shipping-taxable","13":"purchasable","14":"product-type-variable","15":"entry","16":"content-bg","17":"loop-entry"},"acf":[],"_links":{"self":[{"href":"https:\/\/www.emporio.si\/si\/wp-json\/wp\/v2\/product\/118594","targetHints":{"allow":["GET"]}}],"collection":[{"href":"https:\/\/www.emporio.si\/si\/wp-json\/wp\/v2\/product"}],"about":[{"href":"https:\/\/www.emporio.si\/si\/wp-json\/wp\/v2\/types\/product"}],"wp:featuredmedia":[{"embeddable":true,"href":"https:\/\/www.emporio.si\/si\/wp-json\/wp\/v2\/media\/118585"}],"wp:attachment":[{"href":"https:\/\/www.emporio.si\/si\/wp-json\/wp\/v2\/media?parent=118594"}],"wp:term":[{"taxonomy":"product_brand","embeddable":true,"href":"https:\/\/www.emporio.si\/si\/wp-json\/wp\/v2\/product_brand?post=118594"},{"taxonomy":"product_cat","embeddable":true,"href":"https:\/\/www.emporio.si\/si\/wp-json\/wp\/v2\/product_cat?post=118594"},{"taxonomy":"product_tag","embeddable":true,"href":"https:\/\/www.emporio.si\/si\/wp-json\/wp\/v2\/product_tag?post=118594"}],"curies":[{"name":"wp","href":"https:\/\/api.w.org\/{rel}","templated":true}]}}