
{"id":118684,"date":"2024-10-08T14:41:29","date_gmt":"2024-10-08T14:41:29","guid":{"rendered":"https:\/\/www.emporio.si\/product\/gym-bag-made-of-polyester\/"},"modified":"2025-11-10T19:07:00","modified_gmt":"2025-11-10T19:07:00","slug":"telovadna-torba-iz-poliestra","status":"publish","type":"product","link":"https:\/\/www.emporio.si\/si\/p\/telovadna-torba-iz-poliestra\/","title":{"rendered":"Telovadna torba iz poliestra"},"content":{"rendered":"<p>Ta telovadna torba iz poliestra je primerna za razli\u010dne prilo\u017enosti ali prena\u0161anje treninga ali umazanih obla\u010dil. Vrvico lahko hkrati uporabljate kot trak za no\u0161enje. Na eni strani bomo natisnili va\u0161 logotip.<\/p>","protected":false},"excerpt":{"rendered":"<p>Ta telovadna torba iz poliestra je primerna za razli\u010dne prilo\u017enosti ali prena\u0161anje treninga ali umazanih obla\u010dil. Vrvico lahko hkrati uporabljate kot trak za no\u0161enje. Na eni strani bomo natisnili va\u0161 logotip.<\/p>","protected":false},"featured_media":118642,"template":"","meta":{"_acf_changed":false,"inline_featured_image":false,"_bst_post_transparent":"","_bst_post_title":"","_bst_post_layout":"","_bst_post_sidebar_id":"","_bst_post_content_style":"","_bst_post_vertical_padding":"","_bst_post_feature":"","_bst_post_feature_position":"","_bst_post_header":false,"_bst_post_footer":false},"product_brand":[],"product_cat":[2504],"product_tag":[],"class_list":{"0":"post-118684","1":"product","2":"type-product","3":"status-publish","4":"has-post-thumbnail","6":"product_cat-gym-bags","8":"first","9":"instock","10":"taxable","11":"shipping-taxable","12":"purchasable","13":"product-type-variable","14":"entry","15":"content-bg","16":"loop-entry"},"acf":[],"_links":{"self":[{"href":"https:\/\/www.emporio.si\/si\/wp-json\/wp\/v2\/product\/118684","targetHints":{"allow":["GET"]}}],"collection":[{"href":"https:\/\/www.emporio.si\/si\/wp-json\/wp\/v2\/product"}],"about":[{"href":"https:\/\/www.emporio.si\/si\/wp-json\/wp\/v2\/types\/product"}],"wp:featuredmedia":[{"embeddable":true,"href":"https:\/\/www.emporio.si\/si\/wp-json\/wp\/v2\/media\/118642"}],"wp:attachment":[{"href":"https:\/\/www.emporio.si\/si\/wp-json\/wp\/v2\/media?parent=118684"}],"wp:term":[{"taxonomy":"product_brand","embeddable":true,"href":"https:\/\/www.emporio.si\/si\/wp-json\/wp\/v2\/product_brand?post=118684"},{"taxonomy":"product_cat","embeddable":true,"href":"https:\/\/www.emporio.si\/si\/wp-json\/wp\/v2\/product_cat?post=118684"},{"taxonomy":"product_tag","embeddable":true,"href":"https:\/\/www.emporio.si\/si\/wp-json\/wp\/v2\/product_tag?post=118684"}],"curies":[{"name":"wp","href":"https:\/\/api.w.org\/{rel}","templated":true}]}}