
{"id":118912,"date":"2024-10-08T14:42:17","date_gmt":"2024-10-08T14:42:17","guid":{"rendered":"https:\/\/www.emporio.si\/product\/jute-bag-2\/"},"modified":"2025-11-10T13:18:49","modified_gmt":"2025-11-10T13:18:49","slug":"vreca-iz-jute-2","status":"publish","type":"product","link":"https:\/\/www.emporio.si\/si\/p\/vreca-iz-jute-2\/","title":{"rendered":"Vre\u010dka iz jute"},"content":{"rendered":"<p>Vre\u010dka iz jute z robustnimi ro\u010daji za vrvico in zanko za zapiranje. Na sprednjo stran bomo natisnili va\u0161 logotip.<\/p>","protected":false},"excerpt":{"rendered":"<p>Vre\u010dka iz jute z robustnimi ro\u010daji za vrvico in zanko za zapiranje. Na sprednjo stran bomo natisnili va\u0161 logotip.<\/p>","protected":false},"featured_media":118906,"template":"","meta":{"_acf_changed":false,"inline_featured_image":false,"_bst_post_transparent":"","_bst_post_title":"","_bst_post_layout":"","_bst_post_sidebar_id":"","_bst_post_content_style":"","_bst_post_vertical_padding":"","_bst_post_feature":"","_bst_post_feature_position":"","_bst_post_header":false,"_bst_post_footer":false},"product_brand":[],"product_cat":[2491,2502,2500],"product_tag":[],"class_list":{"0":"post-118912","1":"product","2":"type-product","3":"status-publish","4":"has-post-thumbnail","6":"product_cat-beach-sccessories","7":"product_cat-eco-friendly-bags","8":"product_cat-shopping-bags-canvas-bags","10":"first","11":"instock","12":"taxable","13":"shipping-taxable","14":"purchasable","15":"product-type-variable","16":"entry","17":"content-bg","18":"loop-entry"},"acf":[],"_links":{"self":[{"href":"https:\/\/www.emporio.si\/si\/wp-json\/wp\/v2\/product\/118912","targetHints":{"allow":["GET"]}}],"collection":[{"href":"https:\/\/www.emporio.si\/si\/wp-json\/wp\/v2\/product"}],"about":[{"href":"https:\/\/www.emporio.si\/si\/wp-json\/wp\/v2\/types\/product"}],"wp:featuredmedia":[{"embeddable":true,"href":"https:\/\/www.emporio.si\/si\/wp-json\/wp\/v2\/media\/118906"}],"wp:attachment":[{"href":"https:\/\/www.emporio.si\/si\/wp-json\/wp\/v2\/media?parent=118912"}],"wp:term":[{"taxonomy":"product_brand","embeddable":true,"href":"https:\/\/www.emporio.si\/si\/wp-json\/wp\/v2\/product_brand?post=118912"},{"taxonomy":"product_cat","embeddable":true,"href":"https:\/\/www.emporio.si\/si\/wp-json\/wp\/v2\/product_cat?post=118912"},{"taxonomy":"product_tag","embeddable":true,"href":"https:\/\/www.emporio.si\/si\/wp-json\/wp\/v2\/product_tag?post=118912"}],"curies":[{"name":"wp","href":"https:\/\/api.w.org\/{rel}","templated":true}]}}