
{"id":118954,"date":"2024-10-08T14:42:25","date_gmt":"2024-10-08T14:42:25","guid":{"rendered":"https:\/\/www.emporio.si\/product\/compostable-rain-poncho\/"},"modified":"2025-11-10T13:18:49","modified_gmt":"2025-11-10T13:18:49","slug":"kompostabilni-dezni-ponco","status":"publish","type":"product","link":"https:\/\/www.emporio.si\/si\/p\/kompostabilni-dezni-ponco\/","title":{"rendered":"Kompostabilni pon\u010do za de\u017e"},"content":{"rendered":"<p>Kompostabilni de\u017eni pon\u010do iz PLA brez ftalatov z vre\u010dko za prevoz. Ta pon\u010do je trajnostna alternativa. Va\u0161 logotip bo natisnjen na vre\u010dko.<\/p>","protected":false},"excerpt":{"rendered":"<p>Kompostabilni de\u017eni pon\u010do iz PLA brez ftalatov z vre\u010dko za prevoz. Ta pon\u010do je trajnostna alternativa. Va\u0161 logotip bo natisnjen na vre\u010dko.<\/p>","protected":false},"featured_media":118948,"template":"","meta":{"_acf_changed":false,"inline_featured_image":false,"_bst_post_transparent":"","_bst_post_title":"","_bst_post_layout":"","_bst_post_sidebar_id":"","_bst_post_content_style":"","_bst_post_vertical_padding":"","_bst_post_feature":"","_bst_post_feature_position":"","_bst_post_header":false,"_bst_post_footer":false},"product_brand":[],"product_cat":[2489],"product_tag":[],"class_list":{"0":"post-118954","1":"product","2":"type-product","3":"status-publish","4":"has-post-thumbnail","6":"product_cat-raincoats","8":"first","9":"instock","10":"taxable","11":"shipping-taxable","12":"purchasable","13":"product-type-variable","14":"entry","15":"content-bg","16":"loop-entry"},"acf":[],"_links":{"self":[{"href":"https:\/\/www.emporio.si\/si\/wp-json\/wp\/v2\/product\/118954","targetHints":{"allow":["GET"]}}],"collection":[{"href":"https:\/\/www.emporio.si\/si\/wp-json\/wp\/v2\/product"}],"about":[{"href":"https:\/\/www.emporio.si\/si\/wp-json\/wp\/v2\/types\/product"}],"wp:featuredmedia":[{"embeddable":true,"href":"https:\/\/www.emporio.si\/si\/wp-json\/wp\/v2\/media\/118948"}],"wp:attachment":[{"href":"https:\/\/www.emporio.si\/si\/wp-json\/wp\/v2\/media?parent=118954"}],"wp:term":[{"taxonomy":"product_brand","embeddable":true,"href":"https:\/\/www.emporio.si\/si\/wp-json\/wp\/v2\/product_brand?post=118954"},{"taxonomy":"product_cat","embeddable":true,"href":"https:\/\/www.emporio.si\/si\/wp-json\/wp\/v2\/product_cat?post=118954"},{"taxonomy":"product_tag","embeddable":true,"href":"https:\/\/www.emporio.si\/si\/wp-json\/wp\/v2\/product_tag?post=118954"}],"curies":[{"name":"wp","href":"https:\/\/api.w.org\/{rel}","templated":true}]}}