
{"id":118976,"date":"2024-10-08T14:42:30","date_gmt":"2024-10-08T14:42:30","guid":{"rendered":"https:\/\/www.emporio.si\/product\/big-recycled-paperbag-with-2-handles\/"},"modified":"2025-11-10T13:18:49","modified_gmt":"2025-11-10T13:18:49","slug":"velika-reciklirana-papirnata-vrecka-z-dvema-rocajema","status":"publish","type":"product","link":"https:\/\/www.emporio.si\/si\/p\/velika-reciklirana-papirnata-vrecka-z-dvema-rocajema\/","title":{"rendered":"Velika reciklirana papirnata vre\u010dka z dvema ro\u010dajema"},"content":{"rendered":"<p>Prostorna okolju prijazna papirnata vre\u010dka za ve\u010dkratno uporabo (reciklirana - 120 g\/m\u00b2) s spodnjim pregibom, dvema mo\u010dnima ro\u010dajema ter barvno sprednjo in zadnjo stranjo. To lepo vre\u010dko je mogo\u010de ponovno uporabiti. Va\u0161 logotip bo natisnjen na sprednji strani.<\/p>","protected":false},"excerpt":{"rendered":"<p>Prostorna okolju prijazna papirnata vre\u010dka za ve\u010dkratno uporabo (reciklirana - 120 g\/m\u00b2) s spodnjim pregibom, dvema mo\u010dnima ro\u010dajema ter barvno sprednjo in zadnjo stranjo. To lepo vre\u010dko je mogo\u010de ponovno uporabiti. Va\u0161 logotip bo natisnjen na sprednji strani.<\/p>","protected":false},"featured_media":118967,"template":"","meta":{"_acf_changed":false,"inline_featured_image":false,"_bst_post_transparent":"","_bst_post_title":"","_bst_post_layout":"","_bst_post_sidebar_id":"","_bst_post_content_style":"","_bst_post_vertical_padding":"","_bst_post_feature":"","_bst_post_feature_position":"","_bst_post_header":false,"_bst_post_footer":false},"product_brand":[],"product_cat":[2534],"product_tag":[],"class_list":{"0":"post-118976","1":"product","2":"type-product","3":"status-publish","4":"has-post-thumbnail","6":"product_cat-gift-bags","8":"first","9":"instock","10":"taxable","11":"shipping-taxable","12":"purchasable","13":"product-type-variable","14":"entry","15":"content-bg","16":"loop-entry"},"acf":[],"_links":{"self":[{"href":"https:\/\/www.emporio.si\/si\/wp-json\/wp\/v2\/product\/118976","targetHints":{"allow":["GET"]}}],"collection":[{"href":"https:\/\/www.emporio.si\/si\/wp-json\/wp\/v2\/product"}],"about":[{"href":"https:\/\/www.emporio.si\/si\/wp-json\/wp\/v2\/types\/product"}],"wp:featuredmedia":[{"embeddable":true,"href":"https:\/\/www.emporio.si\/si\/wp-json\/wp\/v2\/media\/118967"}],"wp:attachment":[{"href":"https:\/\/www.emporio.si\/si\/wp-json\/wp\/v2\/media?parent=118976"}],"wp:term":[{"taxonomy":"product_brand","embeddable":true,"href":"https:\/\/www.emporio.si\/si\/wp-json\/wp\/v2\/product_brand?post=118976"},{"taxonomy":"product_cat","embeddable":true,"href":"https:\/\/www.emporio.si\/si\/wp-json\/wp\/v2\/product_cat?post=118976"},{"taxonomy":"product_tag","embeddable":true,"href":"https:\/\/www.emporio.si\/si\/wp-json\/wp\/v2\/product_tag?post=118976"}],"curies":[{"name":"wp","href":"https:\/\/api.w.org\/{rel}","templated":true}]}}