
{"id":118980,"date":"2024-10-08T14:42:30","date_gmt":"2024-10-08T14:42:30","guid":{"rendered":"https:\/\/www.emporio.si\/product\/reflective-arm-band\/"},"modified":"2025-11-10T19:07:01","modified_gmt":"2025-11-10T19:07:01","slug":"odsevni-trak-za-roko","status":"publish","type":"product","link":"https:\/\/www.emporio.si\/si\/p\/odsevni-trak-za-roko\/","title":{"rendered":"Odsevni trak za roko"},"content":{"rendered":"<p>S tem neonsko rumenim trakom za roko z odsevnimi \u010drtami boste podnevi in pono\u010di bolje opa\u017eeni. Va\u0161a promocija bo natisnjena med \u010drtami.<\/p>","protected":false},"excerpt":{"rendered":"<p>S tem neonsko rumenim trakom za roko z odsevnimi \u010drtami boste podnevi in pono\u010di bolje opa\u017eeni. Va\u0161a promocija bo natisnjena med \u010drtami.<\/p>","protected":false},"featured_media":118977,"template":"","meta":{"_acf_changed":false,"inline_featured_image":false,"_bst_post_transparent":"","_bst_post_title":"","_bst_post_layout":"","_bst_post_sidebar_id":"","_bst_post_content_style":"","_bst_post_vertical_padding":"","_bst_post_feature":"","_bst_post_feature_position":"","_bst_post_header":false,"_bst_post_footer":false},"product_brand":[],"product_cat":[2520,2517],"product_tag":[],"class_list":{"0":"post-118980","1":"product","2":"type-product","3":"status-publish","4":"has-post-thumbnail","6":"product_cat-bicycle-accessories","7":"product_cat-security-accessories","9":"first","10":"outofstock","11":"taxable","12":"shipping-taxable","13":"purchasable","14":"product-type-variable","15":"entry","16":"content-bg","17":"loop-entry"},"acf":[],"_links":{"self":[{"href":"https:\/\/www.emporio.si\/si\/wp-json\/wp\/v2\/product\/118980","targetHints":{"allow":["GET"]}}],"collection":[{"href":"https:\/\/www.emporio.si\/si\/wp-json\/wp\/v2\/product"}],"about":[{"href":"https:\/\/www.emporio.si\/si\/wp-json\/wp\/v2\/types\/product"}],"wp:featuredmedia":[{"embeddable":true,"href":"https:\/\/www.emporio.si\/si\/wp-json\/wp\/v2\/media\/118977"}],"wp:attachment":[{"href":"https:\/\/www.emporio.si\/si\/wp-json\/wp\/v2\/media?parent=118980"}],"wp:term":[{"taxonomy":"product_brand","embeddable":true,"href":"https:\/\/www.emporio.si\/si\/wp-json\/wp\/v2\/product_brand?post=118980"},{"taxonomy":"product_cat","embeddable":true,"href":"https:\/\/www.emporio.si\/si\/wp-json\/wp\/v2\/product_cat?post=118980"},{"taxonomy":"product_tag","embeddable":true,"href":"https:\/\/www.emporio.si\/si\/wp-json\/wp\/v2\/product_tag?post=118980"}],"curies":[{"name":"wp","href":"https:\/\/api.w.org\/{rel}","templated":true}]}}