
{"id":119047,"date":"2024-10-08T14:42:45","date_gmt":"2024-10-08T14:42:45","guid":{"rendered":"https:\/\/www.emporio.si\/product\/straw-made-of-glass-20-cm\/"},"modified":"2025-10-15T19:19:35","modified_gmt":"2025-10-15T19:19:35","slug":"steklena-slama-20-cm","status":"publish","type":"product","link":"https:\/\/www.emporio.si\/si\/p\/steklena-slama-20-cm\/","title":{"rendered":"Slamica iz stekla 20 cm"},"content":{"rendered":"<p>Okolju prijazna, ponovno uporabna in kaljena steklena slamica za pitje z dol\u017eino 20 cm. Ta izdelek je na voljo v \u0161katli s 50 kosi, vklju\u010dno s \u010dopi\u010dem za \u010di\u0161\u010denje. Primerno za pomivanje v pomivalnem stroju. Va\u0161 logotip bo na slamico vtisnjen z laserjem. Cena je navedena na slamico.<\/p>","protected":false},"excerpt":{"rendered":"<p>Okolju prijazna, ponovno uporabna in kaljena steklena slamica za pitje z dol\u017eino 20 cm. Ta izdelek je na voljo v \u0161katli s 50 kosi, vklju\u010dno s \u010dopi\u010dem za \u010di\u0161\u010denje. Primerno za pomivanje v pomivalnem stroju. Va\u0161 logotip bo na slamico vtisnjen z laserjem. Cena je navedena na slamico.<\/p>","protected":false},"featured_media":119040,"template":"","meta":{"_acf_changed":false,"inline_featured_image":false,"_bst_post_transparent":"","_bst_post_title":"","_bst_post_layout":"","_bst_post_sidebar_id":"","_bst_post_content_style":"","_bst_post_vertical_padding":"","_bst_post_feature":"","_bst_post_feature_position":"","_bst_post_header":false,"_bst_post_footer":false},"product_brand":[],"product_cat":[2535],"product_tag":[],"class_list":{"0":"post-119047","1":"product","2":"type-product","3":"status-publish","4":"has-post-thumbnail","6":"product_cat-drinking-straws","8":"first","9":"instock","10":"taxable","11":"shipping-taxable","12":"purchasable","13":"product-type-variable","14":"entry","15":"content-bg","16":"loop-entry"},"acf":[],"_links":{"self":[{"href":"https:\/\/www.emporio.si\/si\/wp-json\/wp\/v2\/product\/119047","targetHints":{"allow":["GET"]}}],"collection":[{"href":"https:\/\/www.emporio.si\/si\/wp-json\/wp\/v2\/product"}],"about":[{"href":"https:\/\/www.emporio.si\/si\/wp-json\/wp\/v2\/types\/product"}],"wp:featuredmedia":[{"embeddable":true,"href":"https:\/\/www.emporio.si\/si\/wp-json\/wp\/v2\/media\/119040"}],"wp:attachment":[{"href":"https:\/\/www.emporio.si\/si\/wp-json\/wp\/v2\/media?parent=119047"}],"wp:term":[{"taxonomy":"product_brand","embeddable":true,"href":"https:\/\/www.emporio.si\/si\/wp-json\/wp\/v2\/product_brand?post=119047"},{"taxonomy":"product_cat","embeddable":true,"href":"https:\/\/www.emporio.si\/si\/wp-json\/wp\/v2\/product_cat?post=119047"},{"taxonomy":"product_tag","embeddable":true,"href":"https:\/\/www.emporio.si\/si\/wp-json\/wp\/v2\/product_tag?post=119047"}],"curies":[{"name":"wp","href":"https:\/\/api.w.org\/{rel}","templated":true}]}}