
{"id":119136,"date":"2024-10-08T14:43:03","date_gmt":"2024-10-08T14:43:03","guid":{"rendered":"https:\/\/www.emporio.si\/product\/sticky-note-set\/"},"modified":"2025-11-10T13:18:51","modified_gmt":"2025-11-10T13:18:51","slug":"komplet-samolepilnih-belezk","status":"publish","type":"product","link":"https:\/\/www.emporio.si\/si\/p\/komplet-samolepilnih-belezk\/","title":{"rendered":"Komplet samolepilnih bele\u017ek"},"content":{"rendered":"<p>Samolepilni listi\u010di in markerji v beli knjigi s trdimi platnicami. Popoln kompakten komplet za zapiske. Vsebuje 100 listov za bele\u017eke in po 25 barvnih ozna\u010devalcev. Na naslovnico bomo natisnili va\u0161 logotip.<\/p>","protected":false},"excerpt":{"rendered":"<p>Samolepilni listi\u010di in markerji v beli knjigi s trdimi platnicami. Popoln kompakten komplet za zapiske. Vsebuje 100 listov za bele\u017eke in po 25 barvnih ozna\u010devalcev. Na naslovnico bomo natisnili va\u0161 logotip.<\/p>","protected":false},"featured_media":119129,"template":"","meta":{"_acf_changed":false,"inline_featured_image":false,"_bst_post_transparent":"","_bst_post_title":"","_bst_post_layout":"","_bst_post_sidebar_id":"","_bst_post_content_style":"","_bst_post_vertical_padding":"","_bst_post_feature":"","_bst_post_feature_position":"","_bst_post_header":false,"_bst_post_footer":false},"product_brand":[],"product_cat":[2482],"product_tag":[],"class_list":{"0":"post-119136","1":"product","2":"type-product","3":"status-publish","4":"has-post-thumbnail","6":"product_cat-notebooks-and-folders","8":"first","9":"instock","10":"taxable","11":"shipping-taxable","12":"purchasable","13":"product-type-variable","14":"entry","15":"content-bg","16":"loop-entry"},"acf":[],"_links":{"self":[{"href":"https:\/\/www.emporio.si\/si\/wp-json\/wp\/v2\/product\/119136","targetHints":{"allow":["GET"]}}],"collection":[{"href":"https:\/\/www.emporio.si\/si\/wp-json\/wp\/v2\/product"}],"about":[{"href":"https:\/\/www.emporio.si\/si\/wp-json\/wp\/v2\/types\/product"}],"wp:featuredmedia":[{"embeddable":true,"href":"https:\/\/www.emporio.si\/si\/wp-json\/wp\/v2\/media\/119129"}],"wp:attachment":[{"href":"https:\/\/www.emporio.si\/si\/wp-json\/wp\/v2\/media?parent=119136"}],"wp:term":[{"taxonomy":"product_brand","embeddable":true,"href":"https:\/\/www.emporio.si\/si\/wp-json\/wp\/v2\/product_brand?post=119136"},{"taxonomy":"product_cat","embeddable":true,"href":"https:\/\/www.emporio.si\/si\/wp-json\/wp\/v2\/product_cat?post=119136"},{"taxonomy":"product_tag","embeddable":true,"href":"https:\/\/www.emporio.si\/si\/wp-json\/wp\/v2\/product_tag?post=119136"}],"curies":[{"name":"wp","href":"https:\/\/api.w.org\/{rel}","templated":true}]}}