
{"id":119525,"date":"2024-10-08T14:44:25","date_gmt":"2024-10-08T14:44:25","guid":{"rendered":"https:\/\/www.emporio.si\/product\/wheat-straw-ballpen-with-silver-applications\/"},"modified":"2025-10-15T19:19:40","modified_gmt":"2025-10-15T19:19:40","slug":"pisalo-iz-psenicne-slame-s-srebrnimi-aplikacijami","status":"publish","type":"product","link":"https:\/\/www.emporio.si\/si\/p\/pisalo-iz-psenicne-slame-s-srebrnimi-aplikacijami\/","title":{"rendered":"Pisalo iz p\u0161eni\u010dne slame s srebrnimi aplikacijami"},"content":{"rendered":"<p>Klasi\u010dno plasti\u010dno pisalo s premazom iz p\u0161eni\u010dne slame, srebrnimi aplikacijami in modro pisalno polnilo. Va\u0161 logotip bo natisnjen na desni strani sponke.<\/p>","protected":false},"excerpt":{"rendered":"<p>Klasi\u010dno plasti\u010dno pisalo s premazom iz p\u0161eni\u010dne slame, srebrnimi aplikacijami in modro pisalno polnilo. Va\u0161 logotip bo natisnjen na desni strani sponke.<\/p>","protected":false},"featured_media":119520,"template":"","meta":{"_acf_changed":false,"inline_featured_image":false,"_bst_post_transparent":"","_bst_post_title":"","_bst_post_layout":"","_bst_post_sidebar_id":"","_bst_post_content_style":"","_bst_post_vertical_padding":"","_bst_post_feature":"","_bst_post_feature_position":"","_bst_post_header":false,"_bst_post_footer":false},"product_brand":[],"product_cat":[2476],"product_tag":[],"class_list":{"0":"post-119525","1":"product","2":"type-product","3":"status-publish","4":"has-post-thumbnail","6":"product_cat-eco-friendly-pens","8":"first","9":"outofstock","10":"taxable","11":"shipping-taxable","12":"purchasable","13":"product-type-variable","14":"entry","15":"content-bg","16":"loop-entry"},"acf":[],"_links":{"self":[{"href":"https:\/\/www.emporio.si\/si\/wp-json\/wp\/v2\/product\/119525","targetHints":{"allow":["GET"]}}],"collection":[{"href":"https:\/\/www.emporio.si\/si\/wp-json\/wp\/v2\/product"}],"about":[{"href":"https:\/\/www.emporio.si\/si\/wp-json\/wp\/v2\/types\/product"}],"wp:featuredmedia":[{"embeddable":true,"href":"https:\/\/www.emporio.si\/si\/wp-json\/wp\/v2\/media\/119520"}],"wp:attachment":[{"href":"https:\/\/www.emporio.si\/si\/wp-json\/wp\/v2\/media?parent=119525"}],"wp:term":[{"taxonomy":"product_brand","embeddable":true,"href":"https:\/\/www.emporio.si\/si\/wp-json\/wp\/v2\/product_brand?post=119525"},{"taxonomy":"product_cat","embeddable":true,"href":"https:\/\/www.emporio.si\/si\/wp-json\/wp\/v2\/product_cat?post=119525"},{"taxonomy":"product_tag","embeddable":true,"href":"https:\/\/www.emporio.si\/si\/wp-json\/wp\/v2\/product_tag?post=119525"}],"curies":[{"name":"wp","href":"https:\/\/api.w.org\/{rel}","templated":true}]}}