
{"id":119546,"date":"2024-10-08T14:44:29","date_gmt":"2024-10-08T14:44:29","guid":{"rendered":"https:\/\/www.emporio.si\/product\/foldable-shopping-bag-in-cotton\/"},"modified":"2025-10-15T19:19:40","modified_gmt":"2025-10-15T19:19:40","slug":"zlozljiva-nakupovalna-vrecka-iz-bombaza","status":"publish","type":"product","link":"https:\/\/www.emporio.si\/si\/p\/zlozljiva-nakupovalna-vrecka-iz-bombaza\/","title":{"rendered":"Zlo\u017eljiva nakupovalna torba iz bomba\u017ea"},"content":{"rendered":"<p>Naravno obarvana, zlo\u017eljiva in okolju prijazna bomba\u017ena vre\u010da (140 g\/m\u00b2) z ro\u010dajem za prena\u0161anje. Va\u0161 logotip bomo natisnili na eni strani.<\/p>","protected":false},"excerpt":{"rendered":"<p>Naravno obarvana, zlo\u017eljiva in okolju prijazna bomba\u017ena vre\u010da (140 g\/m\u00b2) z ro\u010dajem za prena\u0161anje. Va\u0161 logotip bomo natisnili na eni strani.<\/p>","protected":false},"featured_media":119536,"template":"","meta":{"_acf_changed":false,"inline_featured_image":false,"_bst_post_transparent":"","_bst_post_title":"","_bst_post_layout":"","_bst_post_sidebar_id":"","_bst_post_content_style":"","_bst_post_vertical_padding":"","_bst_post_feature":"","_bst_post_feature_position":"","_bst_post_header":false,"_bst_post_footer":false},"product_brand":[],"product_cat":[2502,2500],"product_tag":[],"class_list":{"0":"post-119546","1":"product","2":"type-product","3":"status-publish","4":"has-post-thumbnail","6":"product_cat-eco-friendly-bags","7":"product_cat-shopping-bags-canvas-bags","9":"first","10":"outofstock","11":"taxable","12":"shipping-taxable","13":"purchasable","14":"product-type-variable","15":"entry","16":"content-bg","17":"loop-entry"},"acf":[],"_links":{"self":[{"href":"https:\/\/www.emporio.si\/si\/wp-json\/wp\/v2\/product\/119546","targetHints":{"allow":["GET"]}}],"collection":[{"href":"https:\/\/www.emporio.si\/si\/wp-json\/wp\/v2\/product"}],"about":[{"href":"https:\/\/www.emporio.si\/si\/wp-json\/wp\/v2\/types\/product"}],"wp:featuredmedia":[{"embeddable":true,"href":"https:\/\/www.emporio.si\/si\/wp-json\/wp\/v2\/media\/119536"}],"wp:attachment":[{"href":"https:\/\/www.emporio.si\/si\/wp-json\/wp\/v2\/media?parent=119546"}],"wp:term":[{"taxonomy":"product_brand","embeddable":true,"href":"https:\/\/www.emporio.si\/si\/wp-json\/wp\/v2\/product_brand?post=119546"},{"taxonomy":"product_cat","embeddable":true,"href":"https:\/\/www.emporio.si\/si\/wp-json\/wp\/v2\/product_cat?post=119546"},{"taxonomy":"product_tag","embeddable":true,"href":"https:\/\/www.emporio.si\/si\/wp-json\/wp\/v2\/product_tag?post=119546"}],"curies":[{"name":"wp","href":"https:\/\/api.w.org\/{rel}","templated":true}]}}