
{"id":119597,"date":"2024-10-08T14:44:40","date_gmt":"2024-10-08T14:44:40","guid":{"rendered":"https:\/\/www.emporio.si\/product\/corn-pen\/"},"modified":"2025-10-15T19:19:41","modified_gmt":"2025-10-15T19:19:41","slug":"koruzno-pero","status":"publish","type":"product","link":"https:\/\/www.emporio.si\/si\/p\/koruzno-pero\/","title":{"rendered":"Koruzno pero"},"content":{"rendered":"<p>Okolju prijazno pisalo v obliki koruznega stor\u017ea iz reciklirane plastike, pome\u0161ane s koruzo, z modro pisalno polnitvijo. Na pisalu bo natisnjen va\u0161 logotip. <\/p>","protected":false},"excerpt":{"rendered":"<p>Okolju prijazno pisalo v obliki koruznega stor\u017ea iz reciklirane plastike, pome\u0161ane s koruzo, z modro pisalno polnitvijo. Na pisalu bo natisnjen va\u0161 logotip.<\/p>","protected":false},"featured_media":119592,"template":"","meta":{"_acf_changed":false,"inline_featured_image":false,"_bst_post_transparent":"","_bst_post_title":"","_bst_post_layout":"","_bst_post_sidebar_id":"","_bst_post_content_style":"","_bst_post_vertical_padding":"","_bst_post_feature":"","_bst_post_feature_position":"","_bst_post_header":false,"_bst_post_footer":false},"product_brand":[],"product_cat":[2476,2478],"product_tag":[],"class_list":{"0":"post-119597","1":"product","2":"type-product","3":"status-publish","4":"has-post-thumbnail","6":"product_cat-eco-friendly-pens","7":"product_cat-plastic-pens","9":"first","10":"instock","11":"taxable","12":"shipping-taxable","13":"purchasable","14":"product-type-variable","15":"entry","16":"content-bg","17":"loop-entry"},"acf":[],"_links":{"self":[{"href":"https:\/\/www.emporio.si\/si\/wp-json\/wp\/v2\/product\/119597","targetHints":{"allow":["GET"]}}],"collection":[{"href":"https:\/\/www.emporio.si\/si\/wp-json\/wp\/v2\/product"}],"about":[{"href":"https:\/\/www.emporio.si\/si\/wp-json\/wp\/v2\/types\/product"}],"wp:featuredmedia":[{"embeddable":true,"href":"https:\/\/www.emporio.si\/si\/wp-json\/wp\/v2\/media\/119592"}],"wp:attachment":[{"href":"https:\/\/www.emporio.si\/si\/wp-json\/wp\/v2\/media?parent=119597"}],"wp:term":[{"taxonomy":"product_brand","embeddable":true,"href":"https:\/\/www.emporio.si\/si\/wp-json\/wp\/v2\/product_brand?post=119597"},{"taxonomy":"product_cat","embeddable":true,"href":"https:\/\/www.emporio.si\/si\/wp-json\/wp\/v2\/product_cat?post=119597"},{"taxonomy":"product_tag","embeddable":true,"href":"https:\/\/www.emporio.si\/si\/wp-json\/wp\/v2\/product_tag?post=119597"}],"curies":[{"name":"wp","href":"https:\/\/api.w.org\/{rel}","templated":true}]}}