
{"id":119704,"date":"2024-10-08T14:45:01","date_gmt":"2024-10-08T14:45:01","guid":{"rendered":"https:\/\/www.emporio.si\/product\/keychain-with-shopping-coin-and-bottle-opener\/"},"modified":"2025-11-10T13:18:59","modified_gmt":"2025-11-10T13:18:59","slug":"obesek-za-kljuce-z-nakupovalnim-kovancem-in-odpiracem-za-steklenice","status":"publish","type":"product","link":"https:\/\/www.emporio.si\/si\/p\/obesek-za-kljuce-z-nakupovalnim-kovancem-in-odpiracem-za-steklenice\/","title":{"rendered":"obesek za klju\u010de z nakupovalnim kovancem in odpira\u010dem za steklenice"},"content":{"rendered":"<p>Kovinski obesek za klju\u010de z nakupovalnim kovancem in odpira\u010dem za steklenice. Va\u0161 logotip bo vgraviran na ohi\u0161je.<\/p>","protected":false},"excerpt":{"rendered":"<p>Kovinski obesek za klju\u010de z nakupovalnim kovancem in odpira\u010dem za steklenice. Va\u0161 logotip bo vgraviran na ohi\u0161je.<\/p>","protected":false},"featured_media":119697,"template":"","meta":{"_acf_changed":false,"inline_featured_image":false,"_bst_post_transparent":"","_bst_post_title":"","_bst_post_layout":"","_bst_post_sidebar_id":"","_bst_post_content_style":"","_bst_post_vertical_padding":"","_bst_post_feature":"","_bst_post_feature_position":"","_bst_post_header":false,"_bst_post_footer":false},"product_brand":[],"product_cat":[2510,2524],"product_tag":[],"class_list":{"0":"post-119704","1":"product","2":"type-product","3":"status-publish","4":"has-post-thumbnail","6":"product_cat-bottle-opener-glass-opener","7":"product_cat-keychains","9":"first","10":"instock","11":"taxable","12":"shipping-taxable","13":"purchasable","14":"product-type-variable","15":"entry","16":"content-bg","17":"loop-entry"},"acf":[],"_links":{"self":[{"href":"https:\/\/www.emporio.si\/si\/wp-json\/wp\/v2\/product\/119704","targetHints":{"allow":["GET"]}}],"collection":[{"href":"https:\/\/www.emporio.si\/si\/wp-json\/wp\/v2\/product"}],"about":[{"href":"https:\/\/www.emporio.si\/si\/wp-json\/wp\/v2\/types\/product"}],"wp:featuredmedia":[{"embeddable":true,"href":"https:\/\/www.emporio.si\/si\/wp-json\/wp\/v2\/media\/119697"}],"wp:attachment":[{"href":"https:\/\/www.emporio.si\/si\/wp-json\/wp\/v2\/media?parent=119704"}],"wp:term":[{"taxonomy":"product_brand","embeddable":true,"href":"https:\/\/www.emporio.si\/si\/wp-json\/wp\/v2\/product_brand?post=119704"},{"taxonomy":"product_cat","embeddable":true,"href":"https:\/\/www.emporio.si\/si\/wp-json\/wp\/v2\/product_cat?post=119704"},{"taxonomy":"product_tag","embeddable":true,"href":"https:\/\/www.emporio.si\/si\/wp-json\/wp\/v2\/product_tag?post=119704"}],"curies":[{"name":"wp","href":"https:\/\/api.w.org\/{rel}","templated":true}]}}