
{"id":120026,"date":"2024-10-08T14:46:10","date_gmt":"2024-10-08T14:46:10","guid":{"rendered":"https:\/\/www.emporio.si\/product\/waiters-knife\/"},"modified":"2025-11-10T13:19:03","modified_gmt":"2025-11-10T13:19:03","slug":"natakarski-noz","status":"publish","type":"product","link":"https:\/\/www.emporio.si\/si\/p\/natakarski-noz\/","title":{"rendered":"Natakarski no\u017e"},"content":{"rendered":"<p>Kovinski natakarski no\u017e z odpira\u010dem za steklenice, rezalnikom folije in zama\u0161kom z 2 stopnjama dviga. Na \u010drno povr\u0161ino graviramo va\u0161 logotip.<\/p>","protected":false},"excerpt":{"rendered":"<p>Kovinski natakarski no\u017e z odpira\u010dem za steklenice, rezalnikom folije in zama\u0161kom z 2 stopnjama dviga. Na \u010drno povr\u0161ino graviramo va\u0161 logotip.<\/p>","protected":false},"featured_media":120021,"template":"","meta":{"_acf_changed":false,"inline_featured_image":false,"_bst_post_transparent":"","_bst_post_title":"","_bst_post_layout":"","_bst_post_sidebar_id":"","_bst_post_content_style":"","_bst_post_vertical_padding":"","_bst_post_feature":"","_bst_post_feature_position":"","_bst_post_header":false,"_bst_post_footer":false},"product_brand":[],"product_cat":[2510,2513],"product_tag":[],"class_list":{"0":"post-120026","1":"product","2":"type-product","3":"status-publish","4":"has-post-thumbnail","6":"product_cat-bottle-opener-glass-opener","7":"product_cat-wine-bar","9":"first","10":"instock","11":"taxable","12":"shipping-taxable","13":"purchasable","14":"product-type-variable","15":"entry","16":"content-bg","17":"loop-entry"},"acf":[],"_links":{"self":[{"href":"https:\/\/www.emporio.si\/si\/wp-json\/wp\/v2\/product\/120026","targetHints":{"allow":["GET"]}}],"collection":[{"href":"https:\/\/www.emporio.si\/si\/wp-json\/wp\/v2\/product"}],"about":[{"href":"https:\/\/www.emporio.si\/si\/wp-json\/wp\/v2\/types\/product"}],"wp:featuredmedia":[{"embeddable":true,"href":"https:\/\/www.emporio.si\/si\/wp-json\/wp\/v2\/media\/120021"}],"wp:attachment":[{"href":"https:\/\/www.emporio.si\/si\/wp-json\/wp\/v2\/media?parent=120026"}],"wp:term":[{"taxonomy":"product_brand","embeddable":true,"href":"https:\/\/www.emporio.si\/si\/wp-json\/wp\/v2\/product_brand?post=120026"},{"taxonomy":"product_cat","embeddable":true,"href":"https:\/\/www.emporio.si\/si\/wp-json\/wp\/v2\/product_cat?post=120026"},{"taxonomy":"product_tag","embeddable":true,"href":"https:\/\/www.emporio.si\/si\/wp-json\/wp\/v2\/product_tag?post=120026"}],"curies":[{"name":"wp","href":"https:\/\/api.w.org\/{rel}","templated":true}]}}