
{"id":120034,"date":"2024-10-08T14:46:12","date_gmt":"2024-10-08T14:46:12","guid":{"rendered":"https:\/\/www.emporio.si\/product\/reflecting-bear-keyring\/"},"modified":"2025-11-10T13:17:39","modified_gmt":"2025-11-10T13:17:39","slug":"obesek-za-kljuce-z-odsevom-medveda","status":"publish","type":"product","link":"https:\/\/www.emporio.si\/si\/p\/obesek-za-kljuce-z-odsevom-medveda\/","title":{"rendered":"Obesek za klju\u010de z odsevnim medvedom"},"content":{"rendered":"<p>Odsevni obesek za klju\u010de v obliki medveda. Va\u0161 logotip bo natisnjen na medvedku. <\/p>","protected":false},"excerpt":{"rendered":"<p>Odsevni obesek za klju\u010de v obliki medveda. Va\u0161 logotip bo natisnjen na medvedku.<\/p>","protected":false},"featured_media":120032,"template":"","meta":{"_acf_changed":false,"inline_featured_image":false,"_bst_post_transparent":"","_bst_post_title":"","_bst_post_layout":"","_bst_post_sidebar_id":"","_bst_post_content_style":"","_bst_post_vertical_padding":"","_bst_post_feature":"","_bst_post_feature_position":"","_bst_post_header":false,"_bst_post_footer":false},"product_brand":[],"product_cat":[2524,2517],"product_tag":[],"class_list":{"0":"post-120034","1":"product","2":"type-product","3":"status-publish","4":"has-post-thumbnail","6":"product_cat-keychains","7":"product_cat-security-accessories","9":"first","10":"instock","11":"taxable","12":"shipping-taxable","13":"purchasable","14":"product-type-variable","15":"entry","16":"content-bg","17":"loop-entry"},"acf":[],"_links":{"self":[{"href":"https:\/\/www.emporio.si\/si\/wp-json\/wp\/v2\/product\/120034","targetHints":{"allow":["GET"]}}],"collection":[{"href":"https:\/\/www.emporio.si\/si\/wp-json\/wp\/v2\/product"}],"about":[{"href":"https:\/\/www.emporio.si\/si\/wp-json\/wp\/v2\/types\/product"}],"wp:featuredmedia":[{"embeddable":true,"href":"https:\/\/www.emporio.si\/si\/wp-json\/wp\/v2\/media\/120032"}],"wp:attachment":[{"href":"https:\/\/www.emporio.si\/si\/wp-json\/wp\/v2\/media?parent=120034"}],"wp:term":[{"taxonomy":"product_brand","embeddable":true,"href":"https:\/\/www.emporio.si\/si\/wp-json\/wp\/v2\/product_brand?post=120034"},{"taxonomy":"product_cat","embeddable":true,"href":"https:\/\/www.emporio.si\/si\/wp-json\/wp\/v2\/product_cat?post=120034"},{"taxonomy":"product_tag","embeddable":true,"href":"https:\/\/www.emporio.si\/si\/wp-json\/wp\/v2\/product_tag?post=120034"}],"curies":[{"name":"wp","href":"https:\/\/api.w.org\/{rel}","templated":true}]}}