
{"id":120059,"date":"2024-10-08T14:46:16","date_gmt":"2024-10-08T14:46:16","guid":{"rendered":"https:\/\/www.emporio.si\/product\/snap-hook-keyring\/"},"modified":"2025-11-10T13:19:04","modified_gmt":"2025-11-10T13:19:04","slug":"obesek-za-kljuce-z-zaskocnim-kavljem","status":"publish","type":"product","link":"https:\/\/www.emporio.si\/si\/p\/obesek-za-kljuce-z-zaskocnim-kavljem\/","title":{"rendered":"Obesek za klju\u010de z zasko\u010dnim kavljem"},"content":{"rendered":"<p>Obesek za klju\u010de iz aluminija s kavljem. Va\u0161 logotip bo graviran.<\/p>","protected":false},"excerpt":{"rendered":"<p>Obesek za klju\u010de iz aluminija s kavljem. Va\u0161 logotip bo graviran.<\/p>","protected":false},"featured_media":120049,"template":"","meta":{"_acf_changed":false,"inline_featured_image":false,"_bst_post_transparent":"","_bst_post_title":"","_bst_post_layout":"","_bst_post_sidebar_id":"","_bst_post_content_style":"","_bst_post_vertical_padding":"","_bst_post_feature":"","_bst_post_feature_position":"","_bst_post_header":false,"_bst_post_footer":false},"product_brand":[],"product_cat":[2524],"product_tag":[],"class_list":{"0":"post-120059","1":"product","2":"type-product","3":"status-publish","4":"has-post-thumbnail","6":"product_cat-keychains","8":"first","9":"instock","10":"taxable","11":"shipping-taxable","12":"purchasable","13":"product-type-variable","14":"entry","15":"content-bg","16":"loop-entry"},"acf":[],"_links":{"self":[{"href":"https:\/\/www.emporio.si\/si\/wp-json\/wp\/v2\/product\/120059","targetHints":{"allow":["GET"]}}],"collection":[{"href":"https:\/\/www.emporio.si\/si\/wp-json\/wp\/v2\/product"}],"about":[{"href":"https:\/\/www.emporio.si\/si\/wp-json\/wp\/v2\/types\/product"}],"wp:featuredmedia":[{"embeddable":true,"href":"https:\/\/www.emporio.si\/si\/wp-json\/wp\/v2\/media\/120049"}],"wp:attachment":[{"href":"https:\/\/www.emporio.si\/si\/wp-json\/wp\/v2\/media?parent=120059"}],"wp:term":[{"taxonomy":"product_brand","embeddable":true,"href":"https:\/\/www.emporio.si\/si\/wp-json\/wp\/v2\/product_brand?post=120059"},{"taxonomy":"product_cat","embeddable":true,"href":"https:\/\/www.emporio.si\/si\/wp-json\/wp\/v2\/product_cat?post=120059"},{"taxonomy":"product_tag","embeddable":true,"href":"https:\/\/www.emporio.si\/si\/wp-json\/wp\/v2\/product_tag?post=120059"}],"curies":[{"name":"wp","href":"https:\/\/api.w.org\/{rel}","templated":true}]}}