
{"id":120149,"date":"2024-10-08T14:46:35","date_gmt":"2024-10-08T14:46:35","guid":{"rendered":"https:\/\/www.emporio.si\/product\/nylon-conference-bag\/"},"modified":"2025-11-10T13:19:05","modified_gmt":"2025-11-10T13:19:05","slug":"najlonska-konferencna-torba","status":"publish","type":"product","link":"https:\/\/www.emporio.si\/si\/p\/najlonska-konferencna-torba\/","title":{"rendered":"Najlonska konferen\u010dna torba"},"content":{"rendered":"<p>Konferen\u010dna torba iz trpe\u017enega poliestra z zadrgo in ro\u010dajem. Na sprednji strani bomo natisnili va\u0161 logotip.<\/p>","protected":false},"excerpt":{"rendered":"<p>Konferen\u010dna torba iz trpe\u017enega poliestra z zadrgo in ro\u010dajem. Na sprednji strani bomo natisnili va\u0161 logotip.<\/p>","protected":false},"featured_media":120141,"template":"","meta":{"_acf_changed":false,"inline_featured_image":false,"_bst_post_transparent":"","_bst_post_title":"","_bst_post_layout":"","_bst_post_sidebar_id":"","_bst_post_content_style":"","_bst_post_vertical_padding":"","_bst_post_feature":"","_bst_post_feature_position":"","_bst_post_header":false,"_bst_post_footer":false},"product_brand":[],"product_cat":[2501],"product_tag":[],"class_list":{"0":"post-120149","1":"product","2":"type-product","3":"status-publish","4":"has-post-thumbnail","6":"product_cat-document-bags-laptop-bags","8":"first","9":"instock","10":"taxable","11":"shipping-taxable","12":"purchasable","13":"product-type-variable","14":"entry","15":"content-bg","16":"loop-entry"},"acf":[],"_links":{"self":[{"href":"https:\/\/www.emporio.si\/si\/wp-json\/wp\/v2\/product\/120149","targetHints":{"allow":["GET"]}}],"collection":[{"href":"https:\/\/www.emporio.si\/si\/wp-json\/wp\/v2\/product"}],"about":[{"href":"https:\/\/www.emporio.si\/si\/wp-json\/wp\/v2\/types\/product"}],"wp:featuredmedia":[{"embeddable":true,"href":"https:\/\/www.emporio.si\/si\/wp-json\/wp\/v2\/media\/120141"}],"wp:attachment":[{"href":"https:\/\/www.emporio.si\/si\/wp-json\/wp\/v2\/media?parent=120149"}],"wp:term":[{"taxonomy":"product_brand","embeddable":true,"href":"https:\/\/www.emporio.si\/si\/wp-json\/wp\/v2\/product_brand?post=120149"},{"taxonomy":"product_cat","embeddable":true,"href":"https:\/\/www.emporio.si\/si\/wp-json\/wp\/v2\/product_cat?post=120149"},{"taxonomy":"product_tag","embeddable":true,"href":"https:\/\/www.emporio.si\/si\/wp-json\/wp\/v2\/product_tag?post=120149"}],"curies":[{"name":"wp","href":"https:\/\/api.w.org\/{rel}","templated":true}]}}