
{"id":120217,"date":"2024-10-08T14:46:49","date_gmt":"2024-10-08T14:46:49","guid":{"rendered":"https:\/\/www.emporio.si\/product\/stainless-steel-travel-mug\/"},"modified":"2025-11-10T13:19:06","modified_gmt":"2025-11-10T13:19:06","slug":"potovalni-vrc-iz-nerjavecega-jekla","status":"publish","type":"product","link":"https:\/\/www.emporio.si\/si\/p\/potovalni-vrc-iz-nerjavecega-jekla\/","title":{"rendered":"Potovalni vr\u010d iz nerjave\u010dega jekla"},"content":{"rendered":"<p>Potovalni vr\u010d iz nerjave\u010dega jekla z dvojno steno, drsnim robom na pokrovu in prostornino 0,4 l. Va\u0161 logotip bo graviran, kerami\u010dni prenos na zahtevo.<\/p>","protected":false},"excerpt":{"rendered":"<p>Potovalni vr\u010d iz nerjave\u010dega jekla z dvojno steno, drsnim robom na pokrovu in prostornino 0,4 l. Va\u0161 logotip bo graviran, kerami\u010dni prenos na zahtevo.<\/p>","protected":false},"featured_media":120209,"template":"","meta":{"_acf_changed":false,"inline_featured_image":false,"_bst_post_transparent":"","_bst_post_title":"","_bst_post_layout":"","_bst_post_sidebar_id":"","_bst_post_content_style":"","_bst_post_vertical_padding":"","_bst_post_feature":"","_bst_post_feature_position":"","_bst_post_header":false,"_bst_post_footer":false},"product_brand":[],"product_cat":[2508],"product_tag":[],"class_list":{"0":"post-120217","1":"product","2":"type-product","3":"status-publish","4":"has-post-thumbnail","6":"product_cat-thermoses-and-thermos-mugs","8":"first","9":"instock","10":"taxable","11":"shipping-taxable","12":"purchasable","13":"product-type-variable","14":"entry","15":"content-bg","16":"loop-entry"},"acf":[],"_links":{"self":[{"href":"https:\/\/www.emporio.si\/si\/wp-json\/wp\/v2\/product\/120217","targetHints":{"allow":["GET"]}}],"collection":[{"href":"https:\/\/www.emporio.si\/si\/wp-json\/wp\/v2\/product"}],"about":[{"href":"https:\/\/www.emporio.si\/si\/wp-json\/wp\/v2\/types\/product"}],"wp:featuredmedia":[{"embeddable":true,"href":"https:\/\/www.emporio.si\/si\/wp-json\/wp\/v2\/media\/120209"}],"wp:attachment":[{"href":"https:\/\/www.emporio.si\/si\/wp-json\/wp\/v2\/media?parent=120217"}],"wp:term":[{"taxonomy":"product_brand","embeddable":true,"href":"https:\/\/www.emporio.si\/si\/wp-json\/wp\/v2\/product_brand?post=120217"},{"taxonomy":"product_cat","embeddable":true,"href":"https:\/\/www.emporio.si\/si\/wp-json\/wp\/v2\/product_cat?post=120217"},{"taxonomy":"product_tag","embeddable":true,"href":"https:\/\/www.emporio.si\/si\/wp-json\/wp\/v2\/product_tag?post=120217"}],"curies":[{"name":"wp","href":"https:\/\/api.w.org\/{rel}","templated":true}]}}