
{"id":120427,"date":"2024-10-08T14:47:35","date_gmt":"2024-10-08T14:47:35","guid":{"rendered":"https:\/\/www.emporio.si\/product\/parking-disc-with-ice-scraper\/"},"modified":"2025-12-06T11:17:48","modified_gmt":"2025-12-06T11:17:48","slug":"parkirni-disk-s-strgalom-za-led","status":"publish","type":"product","link":"https:\/\/www.emporio.si\/si\/p\/parkirni-disk-s-strgalom-za-led\/","title":{"rendered":"Parkirni disk s strgalom za led"},"content":{"rendered":"<p>Parkirni disk s strgalom za led in \u0161\u010detko. Va\u0161 logotip bomo natisnili na belo povr\u0161ino na zadnji strani.<\/p>","protected":false},"excerpt":{"rendered":"<p>Parkirni disk s strgalom za led in \u0161\u010detko. Va\u0161 logotip bomo natisnili na belo povr\u0161ino na zadnji strani.<\/p>","protected":false},"featured_media":120425,"template":"","meta":{"_acf_changed":false,"inline_featured_image":false,"_bst_post_transparent":"","_bst_post_title":"","_bst_post_layout":"","_bst_post_sidebar_id":"","_bst_post_content_style":"","_bst_post_vertical_padding":"","_bst_post_feature":"","_bst_post_feature_position":"","_bst_post_header":false,"_bst_post_footer":false},"product_brand":[],"product_cat":[2516,2642],"product_tag":[],"class_list":{"0":"post-120427","1":"product","2":"type-product","3":"status-publish","4":"has-post-thumbnail","6":"product_cat-car-accessories","7":"product_cat-ice-scrapers","9":"first","10":"instock","11":"taxable","12":"shipping-taxable","13":"purchasable","14":"product-type-variable","15":"entry","16":"content-bg","17":"loop-entry"},"acf":[],"_links":{"self":[{"href":"https:\/\/www.emporio.si\/si\/wp-json\/wp\/v2\/product\/120427","targetHints":{"allow":["GET"]}}],"collection":[{"href":"https:\/\/www.emporio.si\/si\/wp-json\/wp\/v2\/product"}],"about":[{"href":"https:\/\/www.emporio.si\/si\/wp-json\/wp\/v2\/types\/product"}],"wp:featuredmedia":[{"embeddable":true,"href":"https:\/\/www.emporio.si\/si\/wp-json\/wp\/v2\/media\/120425"}],"wp:attachment":[{"href":"https:\/\/www.emporio.si\/si\/wp-json\/wp\/v2\/media?parent=120427"}],"wp:term":[{"taxonomy":"product_brand","embeddable":true,"href":"https:\/\/www.emporio.si\/si\/wp-json\/wp\/v2\/product_brand?post=120427"},{"taxonomy":"product_cat","embeddable":true,"href":"https:\/\/www.emporio.si\/si\/wp-json\/wp\/v2\/product_cat?post=120427"},{"taxonomy":"product_tag","embeddable":true,"href":"https:\/\/www.emporio.si\/si\/wp-json\/wp\/v2\/product_tag?post=120427"}],"curies":[{"name":"wp","href":"https:\/\/api.w.org\/{rel}","templated":true}]}}