
{"id":120458,"date":"2024-10-08T14:47:42","date_gmt":"2024-10-08T14:47:42","guid":{"rendered":"https:\/\/www.emporio.si\/product\/cob-light-with-bottle-opener\/"},"modified":"2025-11-10T13:19:09","modified_gmt":"2025-11-10T13:19:09","slug":"luc-za-cevlje-z-odpiracem-za-steklenice","status":"publish","type":"product","link":"https:\/\/www.emporio.si\/si\/p\/luc-za-cevlje-z-odpiracem-za-steklenice\/","title":{"rendered":"Lu\u010d COB z odpira\u010dem za steklenice"},"content":{"rendered":"<p>Aluminijasta svetilka z magnetnim podstavkom, sponko, odpira\u010dem za steklenice in \u017earnico COB. Idealna za vsakega obrtnika. Va\u0161 logotip bo graviran.<\/p>","protected":false},"excerpt":{"rendered":"<p>Aluminijasta svetilka z magnetnim podstavkom, sponko, odpira\u010dem za steklenice in \u017earnico COB. Idealna za vsakega obrtnika. Va\u0161 logotip bo graviran.<\/p>","protected":false},"featured_media":120447,"template":"","meta":{"_acf_changed":false,"inline_featured_image":false,"_bst_post_transparent":"","_bst_post_title":"","_bst_post_layout":"","_bst_post_sidebar_id":"","_bst_post_content_style":"","_bst_post_vertical_padding":"","_bst_post_feature":"","_bst_post_feature_position":"","_bst_post_header":false,"_bst_post_footer":false},"product_brand":[],"product_cat":[2510,2519],"product_tag":[],"class_list":{"0":"post-120458","1":"product","2":"type-product","3":"status-publish","4":"has-post-thumbnail","6":"product_cat-bottle-opener-glass-opener","7":"product_cat-flashlights","9":"first","10":"instock","11":"taxable","12":"shipping-taxable","13":"purchasable","14":"product-type-variable","15":"entry","16":"content-bg","17":"loop-entry"},"acf":[],"_links":{"self":[{"href":"https:\/\/www.emporio.si\/si\/wp-json\/wp\/v2\/product\/120458","targetHints":{"allow":["GET"]}}],"collection":[{"href":"https:\/\/www.emporio.si\/si\/wp-json\/wp\/v2\/product"}],"about":[{"href":"https:\/\/www.emporio.si\/si\/wp-json\/wp\/v2\/types\/product"}],"wp:featuredmedia":[{"embeddable":true,"href":"https:\/\/www.emporio.si\/si\/wp-json\/wp\/v2\/media\/120447"}],"wp:attachment":[{"href":"https:\/\/www.emporio.si\/si\/wp-json\/wp\/v2\/media?parent=120458"}],"wp:term":[{"taxonomy":"product_brand","embeddable":true,"href":"https:\/\/www.emporio.si\/si\/wp-json\/wp\/v2\/product_brand?post=120458"},{"taxonomy":"product_cat","embeddable":true,"href":"https:\/\/www.emporio.si\/si\/wp-json\/wp\/v2\/product_cat?post=120458"},{"taxonomy":"product_tag","embeddable":true,"href":"https:\/\/www.emporio.si\/si\/wp-json\/wp\/v2\/product_tag?post=120458"}],"curies":[{"name":"wp","href":"https:\/\/api.w.org\/{rel}","templated":true}]}}